{"id":42,"date":"2016-11-08T11:43:34","date_gmt":"2016-11-08T13:43:34","guid":{"rendered":"http:\/\/www.itutrailer.com.br\/site\/locacao\/?page_id=42"},"modified":"2016-11-08T12:22:12","modified_gmt":"2016-11-08T14:22:12","slug":"contato","status":"publish","type":"page","link":"https:\/\/www.itutrailer.com.br\/site\/locacao\/contato\/","title":{"rendered":"Contato e localiza\u00e7\u00e3o"},"content":{"rendered":"<section class=\"wpb-content-wrapper\"><p>[vc_row][vc_column][vc_raw_html]JTNDaWZyYW1lJTIwc3R5bGUlM0QlMjJib3JkZXIlM0ElMjAwJTNCJTIyJTIwc3JjJTNEJTIyaHR0cHMlM0ElMkYlMkZ3d3cuZ29vZ2xlLmNvbSUyRm1hcHMlMkZlbWJlZCUzRnBiJTNEJTIxMW0xOCUyMTFtMTIlMjExbTMlMjExZDM2NjUuNjk5MTY1Mzg3NTYwMiUyMTJkLTQ3LjMyNTM1OTA4NTI3Mzg1JTIxM2QtMjMuMjU0MDMxODU2MTk5MDYzJTIxMm0zJTIxMWYwJTIxMmYwJTIxM2YwJTIxM20yJTIxMWkxMDI0JTIxMmk3NjglMjE0ZjEzLjElMjEzbTMlMjExbTIlMjExczB4OTRjZjUwZTI2MWM1ODIwMyUyNTNBMHg0NWI0Mjk2NzA4ODgwNTc2JTIxMnNJdHUlMkJUcmFpbGVycyUyQkx0ZGEuJTIxNWUwJTIxM20yJTIxMXNwdC1CUiUyMTJzYnIlMjE0djE0Njg5NDE0ODMwODAlMjIlMjB3aWR0aCUzRCUyMjEwMCUyNSUyMiUyMGhlaWdodCUzRCUyMjIwMCUyMiUyMGZyYW1lYm9yZGVyJTNEJTIyMCUyMiUyMGFsbG93ZnVsbHNjcmVlbiUzRCUyMmFsbG93ZnVsbHNjcmVlbiUyMiUzRSUzQyUyRmlmcmFtZSUzRQ==[\/vc_raw_html][\/vc_column][\/vc_row][vc_row][vc_column][vc_empty_space][\/vc_column][\/vc_row][vc_row][vc_column width=&#8221;1\/2&#8243;][vc_column_text]<\/p>\n<h2><span style=\"font-family: verdana, geneva, sans-serif;\">\u00a0<span class=\"entry-title\" style=\"color: #da3138;\">(0xx11) 4023-2314<\/span><\/span><\/h2>\n<p><span style=\"font-family: verdana, geneva, sans-serif;\">Liga\u00e7\u00f5es de fora de Itu\/SP, \u00e9 necess\u00e1rio inserir <strong>0\u00a0+ operadora<\/strong><\/span><\/p>\n<p><span style=\"font-family: verdana, geneva, sans-serif;\"><strong>Financeiro:<\/strong> ramal 21<\/span><\/p>\n<p><span style=\"font-family: verdana, geneva, sans-serif;\"><strong>Vendas:<\/strong> ramal 24<\/span><\/p>\n<p><span style=\"font-family: verdana, geneva, sans-serif;\"><strong>Loca\u00e7\u00e3o:<\/strong> ramal 20<\/span><\/p>\n<p><span style=\"font-family: verdana, geneva, sans-serif;\"><strong>Administrativo:<\/strong> ramal 25<\/span><\/p>\n<p><span style=\"font-family: verdana, geneva, sans-serif;\"><strong>Fax:<\/strong> ramal 29<\/span><\/p>\n<p><span style=\"font-family: verdana, geneva, sans-serif;\"><strong>Pe\u00e7as e acess\u00f3rios (direto):<\/strong> (11) 3413-0113<\/span><\/p>\n<p><span style=\"font-family: verdana, geneva, sans-serif;\"><strong>Pe\u00e7as e acess\u00f3rios:<\/strong> <\/span><span class=\"entry-title\" style=\"color: #da3138;\"><a style=\"color: #da3138;\" href=\"mailto:shop@itutrailer.com.br\">shop@itutrailer.com.br<\/a><\/span><\/p>\n<p><span style=\"font-family: verdana, geneva, sans-serif;\"><strong>Financeiro:<\/strong><\/span><span class=\"entry-title\" style=\"color: #da3138;\"> <a style=\"color: #da3138;\" href=\"mailto:adm@itutrailer.com.br\">adm@itutrailer.com.br<\/a><\/span><\/p>\n<p><span style=\"font-family: verdana, geneva, sans-serif;\"><strong>Administrativo:<\/strong> <\/span><span class=\"entry-title\" style=\"color: #da3138;\"><a style=\"color: #da3138;\" href=\"mailto:adm1@itutrailer.com.br\">adm1@itutrailer.com.br<\/a><\/span><\/p>\n<p><span style=\"font-family: verdana, geneva, sans-serif;\"><strong>Transporte:<\/strong> <\/span><span class=\"entry-title\" style=\"color: #da3138;\"><a style=\"color: #da3138;\" href=\"mailto:logistica@itutrailer.com.br\">logistica@itutrailer.com.br<\/a><\/span><\/p>\n<p><span style=\"font-family: verdana, geneva, sans-serif;\"><strong>Loca\u00e7\u00e3o:<\/strong> <\/span><span class=\"entry-title\" style=\"color: #da3138;\"><a style=\"color: #da3138;\" href=\"mailto:loca@itutrailer.com.br\">loca@itutrailer.com.br<\/a><\/span><\/p>\n<p><strong><span style=\"font-family: verdana, geneva, sans-serif;\">Endere\u00e7o para correspond\u00eancia:<\/span><\/strong><\/p>\n<p><span style=\"font-family: verdana, geneva, sans-serif;\">Avenida 9 de Julho, 145, Jardim Oliveira &#8211; Itu\/SP<\/span><\/p>\n<p><span style=\"font-family: verdana, geneva, sans-serif;\">Brasil &#8211; 13313-310<\/span><\/p>\n<p><strong><span style=\"font-family: verdana, geneva, sans-serif;\">Endere\u00e7o para visita\u00e7\u00e3o (via GPO):<\/span><\/strong><\/p>\n<p><span style=\"font-family: verdana, geneva, sans-serif;\">Rua Jos\u00e9 de Oliveira, 145 &#8211; Jardim Oliveira &#8211; Itu\/SP &#8211;\u00a0<\/span><span style=\"font-family: verdana, geneva, sans-serif;\">Brasil<\/span><\/p>\n<p><span style=\"font-family: verdana, geneva, sans-serif;\"><strong>Atendimento:<\/strong> 2\u00aa a 6\u00aa das 8h \u00e0s 18h, e aos s\u00e1bados\u00a0<\/span><span style=\"font-family: verdana, geneva, sans-serif;\">somente com hora marcada<\/span>[\/vc_column_text][\/vc_column][vc_column width=&#8221;1\/2&#8243;][vc_column_text]<span style=\"font-family: verdana, geneva, sans-serif;\">Se preferir, entre em contato pelo formul\u00e1rio:<\/span><\/p>\n<div align=\"center\">\n<div class=\"wpcf7 no-js\" id=\"wpcf7-f54-o1\" lang=\"pt-BR\" dir=\"ltr\">\n<div class=\"screen-reader-response\"><p role=\"status\" aria-live=\"polite\" aria-atomic=\"true\"><\/p> <ul><\/ul><\/div>\n<form action=\"\/site\/locacao\/wp-json\/wp\/v2\/pages\/42#wpcf7-f54-o1\" method=\"post\" class=\"wpcf7-form init\" aria-label=\"Formul\u00e1rios de contato\" novalidate=\"novalidate\" data-status=\"init\">\n<div style=\"display: none;\">\n<input type=\"hidden\" name=\"_wpcf7\" value=\"54\" \/>\n<input type=\"hidden\" name=\"_wpcf7_version\" value=\"5.7.4\" \/>\n<input type=\"hidden\" name=\"_wpcf7_locale\" value=\"pt_BR\" \/>\n<input type=\"hidden\" name=\"_wpcf7_unit_tag\" value=\"wpcf7-f54-o1\" \/>\n<input type=\"hidden\" name=\"_wpcf7_container_post\" value=\"0\" \/>\n<input type=\"hidden\" name=\"_wpcf7_posted_data_hash\" value=\"\" \/>\n<\/div>\n<p>Nome\n<\/p>\n<p><span class=\"wpcf7-form-control-wrap\" data-name=\"your-name\"><input size=\"40\" class=\"wpcf7-form-control wpcf7-text wpcf7-validates-as-required\" aria-required=\"true\" aria-invalid=\"false\" value=\"\" type=\"text\" name=\"your-name\" \/><\/span>\n<\/p>\n<p>Telefone (DDD + n\u00ba)<br \/>\n<span class=\"wpcf7-form-control-wrap\" data-name=\"tel-102\"><input size=\"40\" class=\"wpcf7-form-control wpcf7-text wpcf7-tel wpcf7-validates-as-tel\" aria-invalid=\"false\" value=\"\" type=\"tel\" name=\"tel-102\" \/><\/span>\n<\/p>\n<p>E-mail\n<\/p>\n<p><span class=\"wpcf7-form-control-wrap\" data-name=\"your-email\"><input size=\"40\" class=\"wpcf7-form-control wpcf7-text wpcf7-email wpcf7-validates-as-required wpcf7-validates-as-email\" aria-required=\"true\" aria-invalid=\"false\" value=\"\" type=\"email\" name=\"your-email\" \/><\/span>\n<\/p>\n<p>Mensagem\n<\/p>\n<p><span class=\"wpcf7-form-control-wrap\" data-name=\"your-message\"><textarea cols=\"40\" rows=\"10\" class=\"wpcf7-form-control wpcf7-textarea\" aria-invalid=\"false\" name=\"your-message\"><\/textarea><\/span>\n<\/p>\n<p><input class=\"wpcf7-form-control has-spinner wpcf7-submit\" type=\"submit\" value=\"Enviar\" \/>\n<\/p><div class=\"wpcf7-response-output\" aria-hidden=\"true\"><\/div>\n<\/form>\n<\/div>\n<\/div>\n<p>[\/vc_column_text][\/vc_column][\/vc_row][vc_row][vc_column][vc_empty_space][\/vc_column][\/vc_row][vc_row][vc_column][vc_column_text]<\/p>\n<p>[\/vc_column_text][\/vc_column][\/vc_row]<\/p>\n<\/section>","protected":false},"excerpt":{"rendered":"<p>[vc_row][vc_column][vc_raw_html]JTNDaWZyYW1lJTIwc3R5bGUlM0QlMjJib3JkZXIlM0ElMjAwJTNCJTIyJTIwc3JjJTNEJTIyaHR0cHMlM0ElMkYlMkZ3d3cuZ29vZ2xlLmNvbSUyRm1hcHMlMkZlbWJlZCUzRnBiJTNEJTIxMW0xOCUyMTFtMTIlMjExbTMlMjExZDM2NjUuNjk5MTY1Mzg3NTYwMiUyMTJkLTQ3LjMyNTM1OTA4NTI3Mzg1JTIxM2QtMjMuMjU0MDMxODU2MTk5MDYzJTIxMm0zJTIxMWYwJTIxMmYwJTIxM2YwJTIxM20yJTIxMWkxMDI0JTIxMmk3NjglMjE0ZjEzLjElMjEzbTMlMjExbTIlMjExczB4OTRjZjUwZTI2MWM1ODIwMyUyNTNBMHg0NWI0Mjk2NzA4ODgwNTc2JTIxMnNJdHUlMkJUcmFpbGVycyUyQkx0ZGEuJTIxNWUwJTIxM20yJTIxMXNwdC1CUiUyMTJzYnIlMjE0djE0Njg5NDE0ODMwODAlMjIlMjB3aWR0aCUzRCUyMjEwMCUyNSUyMiUyMGhlaWdodCUzRCUyMjIwMCUyMiUyMGZyYW1lYm9yZGVyJTNEJTIyMCUyMiUyMGFsbG93ZnVsbHNjcmVlbiUzRCUyMmFsbG93ZnVsbHNjcmVlbiUyMiUzRSUzQyUyRmlmcmFtZSUzRQ==[\/vc_raw_html][\/vc_column][\/vc_row][vc_row][vc_column][vc_empty_space][\/vc_column][\/vc_row][vc_row][vc_column width=&#8221;1\/2&#8243;][vc_column_text] \u00a0(0xx11) 4023-2314 Liga\u00e7\u00f5es de fora de Itu\/SP, \u00e9 necess\u00e1rio inserir 0\u00a0+ operadora Financeiro: ramal 21 Vendas: ramal 24 Loca\u00e7\u00e3o: ramal 20 Administrativo: ramal 25 Fax: ramal 29 Pe\u00e7as e acess\u00f3rios (direto): (11) 3413-0113 Pe\u00e7as e acess\u00f3rios: shop@itutrailer.com.br Financeiro: adm@itutrailer.com.br Administrativo: adm1@itutrailer.com.br Transporte: logistica@itutrailer.com.br Loca\u00e7\u00e3o: loca@itutrailer.com.br Endere\u00e7o para correspond\u00eancia: Avenida 9 de Julho, 145, [&hellip;]<\/p>\n","protected":false},"author":1,"featured_media":0,"parent":0,"menu_order":0,"comment_status":"closed","ping_status":"closed","template":"","meta":{"_monsterinsights_skip_tracking":false,"_monsterinsights_sitenote_active":false,"_monsterinsights_sitenote_note":"","_monsterinsights_sitenote_category":0,"ngg_post_thumbnail":0},"_links":{"self":[{"href":"https:\/\/www.itutrailer.com.br\/site\/locacao\/wp-json\/wp\/v2\/pages\/42"}],"collection":[{"href":"https:\/\/www.itutrailer.com.br\/site\/locacao\/wp-json\/wp\/v2\/pages"}],"about":[{"href":"https:\/\/www.itutrailer.com.br\/site\/locacao\/wp-json\/wp\/v2\/types\/page"}],"author":[{"embeddable":true,"href":"https:\/\/www.itutrailer.com.br\/site\/locacao\/wp-json\/wp\/v2\/users\/1"}],"replies":[{"embeddable":true,"href":"https:\/\/www.itutrailer.com.br\/site\/locacao\/wp-json\/wp\/v2\/comments?post=42"}],"version-history":[{"count":3,"href":"https:\/\/www.itutrailer.com.br\/site\/locacao\/wp-json\/wp\/v2\/pages\/42\/revisions"}],"predecessor-version":[{"id":57,"href":"https:\/\/www.itutrailer.com.br\/site\/locacao\/wp-json\/wp\/v2\/pages\/42\/revisions\/57"}],"wp:attachment":[{"href":"https:\/\/www.itutrailer.com.br\/site\/locacao\/wp-json\/wp\/v2\/media?parent=42"}],"curies":[{"name":"wp","href":"https:\/\/api.w.org\/{rel}","templated":true}]}}