{"id":40,"date":"2016-11-08T11:43:17","date_gmt":"2016-11-08T13:43:17","guid":{"rendered":"http:\/\/www.itutrailer.com.br\/site\/locacao\/?page_id=40"},"modified":"2016-11-08T12:04:12","modified_gmt":"2016-11-08T14:04:12","slug":"sobre-nos","status":"publish","type":"page","link":"https:\/\/www.itutrailer.com.br\/site\/locacao\/sobre-nos\/","title":{"rendered":"Sobre n\u00f3s"},"content":{"rendered":"<section class=\"wpb-content-wrapper\"><p>[vc_row][vc_column][vc_empty_space][\/vc_column][\/vc_row][vc_row][vc_column][vc_row_inner][vc_column_inner][vc_single_image image=&#8221;46&#8243; img_size=&#8221;full&#8221; alignment=&#8221;center&#8221;][vc_column_text]<\/p>\n<h2 class=\"entry-title\" style=\"text-align: justify;\"><span style=\"font-family: verdana, geneva, sans-serif; color: #da3138;\"><strong>Desde 1989, um neg\u00f3cio de fam\u00edlia<\/strong><\/span><\/h2>\n<p style=\"text-align: justify;\"><span style=\"font-family: verdana, geneva, sans-serif;\">Nossa hist\u00f3ria come\u00e7ou muito nates de 1989&#8230; Desde crian\u00e7as, nos divert\u00edamos acampando. Naquela \u00e9poca, acamp\u00e1vamos de barraca de forma \u201cselvagem\u201d, fora de campings oficiais. Em busca de mais conforto e seguran\u00e7a, nosso pai, com muita paix\u00e3o pelo campismo e com muito trabalho, montou a segunda f\u00e1brica de trailers do Brasil, a <span style=\"color: #da3138;\"><strong class=\"entry-title\">Motor Trailer<\/strong><\/span>, que hoje possui mais de 40 anos de hist\u00f3ria e est\u00e1 localizada em Pirassununga\/SP.<\/span><\/p>\n<p style=\"text-align: justify;\"><span style=\"font-family: verdana, geneva, sans-serif;\">A Itu Trailer nasceu com muito foco: dar assist\u00eancia t\u00e9cnica aos RVs e fazer reformas e instala\u00e7\u00e3o de acess\u00f3rios, j\u00e1 que em 1989, j\u00e1 havia uma grande quantidade de RVs circulando pelo Brasil.<\/span><\/p>\n<p style=\"text-align: justify;\"><span style=\"font-family: verdana, geneva, sans-serif;\">Com o tempo, empresas come\u00e7aram a nos procurar querendo alugar RVs para comerciais, filmes e tamb\u00e9m, querendo montagens especiais para uso comercial. Assim, novas oportunidades foram surgindo e nos dedicamos para aprimorar nossas t\u00e9cnicas, buscando novas tecnologias e inova\u00e7\u00f5es em feiras internacionais.<\/span><\/p>\n<p style=\"text-align: justify;\"><span style=\"font-family: verdana, geneva, sans-serif;\">Temos orgulho de apresentar nossos servi\u00e7os e produtos, pois sabemos que eles falam por n\u00f3s.<\/span><\/p>\n<p style=\"text-align: justify;\"><span style=\"font-family: verdana, geneva, sans-serif;\">A cada dia, firmamos novas parcerias para oferecer produtos de qualidade e que podemos assinar embaixo sem medo de errar. Em 2015, nos tornamos revendedores exclusivos das marcas <span style=\"color: #da3138;\"><strong class=\"entry-title\">Winnebago<\/strong> <\/span>no Brasil, a maior fabricante de trailers e motorhomes dos EUA. Em 2016, foi a vez da empresa <span style=\"color: #da3138;\"><strong class=\"entry-title\">Palomino RV<\/strong><\/span>.<\/span><\/p>\n<p style=\"text-align: justify;\"><span style=\"font-family: verdana, geneva, sans-serif;\">Hoje oferecemos completa infraestrutura de venda de RVs novos e usados revisados, al\u00e9m de pe\u00e7as originais de v\u00e1rias marvas e acess\u00f3rios nacionais e importados. Confira em nossa loja virtual!<\/span><\/p>\n<p style=\"text-align: justify;\"><span style=\"font-family: verdana, geneva, sans-serif;\">Nossa oficina faz de tudo para deixar o seu RV do jeito que voc\u00ea sonha e ainda faz qualquer reparo que seja necess\u00e1rio. <span style=\"color: #da3138;\"><strong class=\"entry-title\">Marque uma visita!<\/strong><\/span><\/span><\/p>\n<p style=\"text-align: justify;\"><span style=\"font-family: verdana, geneva, sans-serif;\">Al\u00e9m disso, em 2015, passamos a oferecer aluguel de RVs, para que voc\u00ea possa testar esse estilo de viagem,<\/span> <span style=\"font-family: verdana, geneva, sans-serif;\">experimentando na pr\u00e1tica. Assim, voc\u00ea ter\u00e1 certeza de qual ve\u00edculo \u00e9 ideal para voc\u00ea, contando com toda a nossa assessoria.<\/span><\/p>\n<p style=\"text-align: justify;\"><span style=\"font-family: verdana, geneva, sans-serif;\">Seja bem-vindo(a) a Itu Trailer, voc\u00ea n\u00e3o \u00e9 apenas um cliente, mas sim um(a) amigo(a) campista. Teremos o maior prazer em auxili\u00e1-lo(a) em tudo o que precisar, tirando todas as suas d\u00favidas. <span style=\"color: #da3138;\"><strong class=\"entry-title\">Entre em contato!<\/strong><\/span><\/span><\/p>\n<p>[\/vc_column_text][\/vc_column_inner][\/vc_row_inner][vc_empty_space][\/vc_column][\/vc_row][vc_row][vc_column width=&#8221;1\/2&#8243;][vc_single_image image=&#8221;50&#8243; img_size=&#8221;full&#8221; alignment=&#8221;center&#8221;][\/vc_column][vc_column width=&#8221;1\/2&#8243;][vc_single_image image=&#8221;51&#8243; img_size=&#8221;full&#8221; alignment=&#8221;center&#8221;][\/vc_column][\/vc_row][vc_row][vc_column][vc_empty_space][\/vc_column][\/vc_row][vc_row][vc_column][vc_column_text]<\/p>\n<h2 class=\"entry-title\" style=\"text-align: justify;\"><span style=\"font-family: verdana, geneva, sans-serif; color: #da3138;\"><strong>Responsabilidade social<\/strong><\/span><\/h2>\n<p>[\/vc_column_text][\/vc_column][\/vc_row][vc_row][vc_column width=&#8221;1\/4&#8243;][vc_single_image image=&#8221;48&#8243; img_size=&#8221;full&#8221; alignment=&#8221;center&#8221;][\/vc_column][vc_column width=&#8221;3\/4&#8243;][vc_column_text]<span style=\"line-height: 1.2; font-family: verdana, geneva, sans-serif;\"><strong>Lorem Ipsum<\/strong> \u00e9 simplesmente uma simula\u00e7\u00e3o de texto da ind\u00fastria tipogr\u00e1fica e de impressos, e vem sendo utilizado desde o s\u00e9culo XVI, quando um impressor desconhecido pegou uma bandeja de tipos e os embaralhou para fazer um livro de modelos de tipos. Lorem Ipsum sobreviveu n\u00e3o s\u00f3 a cinco s\u00e9culos, como tamb\u00e9m ao salto para a editora\u00e7\u00e3o eletr\u00f4nica, permanecendo essencialmente inalterado. Se popularizou na d\u00e9cada de 60, quando a Letraset lan\u00e7ou decalques contendo passagens de Lorem Ipsum, e mais recentemente quando passou a ser integrado a softwares de editora\u00e7\u00e3o eletr\u00f4nica como Aldus PageMaker.<\/span>[\/vc_column_text][\/vc_column][\/vc_row]<\/p>\n<\/section>","protected":false},"excerpt":{"rendered":"<p>[vc_row][vc_column][vc_empty_space][\/vc_column][\/vc_row][vc_row][vc_column][vc_row_inner][vc_column_inner][vc_single_image image=&#8221;46&#8243; img_size=&#8221;full&#8221; alignment=&#8221;center&#8221;][vc_column_text] Desde 1989, um neg\u00f3cio de fam\u00edlia Nossa hist\u00f3ria come\u00e7ou muito nates de 1989&#8230; Desde crian\u00e7as, nos divert\u00edamos acampando. Naquela \u00e9poca, acamp\u00e1vamos de barraca de forma \u201cselvagem\u201d, fora de campings oficiais. Em busca de mais conforto e seguran\u00e7a, nosso pai, com muita paix\u00e3o pelo campismo e com muito trabalho, montou a segunda [&hellip;]<\/p>\n","protected":false},"author":1,"featured_media":0,"parent":0,"menu_order":0,"comment_status":"closed","ping_status":"closed","template":"","meta":{"_monsterinsights_skip_tracking":false,"_monsterinsights_sitenote_active":false,"_monsterinsights_sitenote_note":"","_monsterinsights_sitenote_category":0,"ngg_post_thumbnail":0},"_links":{"self":[{"href":"https:\/\/www.itutrailer.com.br\/site\/locacao\/wp-json\/wp\/v2\/pages\/40"}],"collection":[{"href":"https:\/\/www.itutrailer.com.br\/site\/locacao\/wp-json\/wp\/v2\/pages"}],"about":[{"href":"https:\/\/www.itutrailer.com.br\/site\/locacao\/wp-json\/wp\/v2\/types\/page"}],"author":[{"embeddable":true,"href":"https:\/\/www.itutrailer.com.br\/site\/locacao\/wp-json\/wp\/v2\/users\/1"}],"replies":[{"embeddable":true,"href":"https:\/\/www.itutrailer.com.br\/site\/locacao\/wp-json\/wp\/v2\/comments?post=40"}],"version-history":[{"count":5,"href":"https:\/\/www.itutrailer.com.br\/site\/locacao\/wp-json\/wp\/v2\/pages\/40\/revisions"}],"predecessor-version":[{"id":52,"href":"https:\/\/www.itutrailer.com.br\/site\/locacao\/wp-json\/wp\/v2\/pages\/40\/revisions\/52"}],"wp:attachment":[{"href":"https:\/\/www.itutrailer.com.br\/site\/locacao\/wp-json\/wp\/v2\/media?parent=40"}],"curies":[{"name":"wp","href":"https:\/\/api.w.org\/{rel}","templated":true}]}}