{"id":2,"date":"2016-07-12T08:14:59","date_gmt":"2016-07-12T11:14:59","guid":{"rendered":"http:\/\/www.itutrailer.com.br\/site\/locacao\/?page_id=2"},"modified":"2016-11-08T17:03:53","modified_gmt":"2016-11-08T19:03:53","slug":"home","status":"publish","type":"page","link":"https:\/\/www.itutrailer.com.br\/site\/locacao\/","title":{"rendered":"Home"},"content":{"rendered":"<section class=\"wpb-content-wrapper\"><p>[vc_row full_width=&#8221;stretch_row&#8221; css=&#8221;.vc_custom_1478628435022{margin-top: -80px !important;background-color: #f7b900 !important;}&#8221;][vc_column][vc_row_inner][vc_column_inner width=&#8221;1\/2&#8243;][vc_column_text css=&#8221;.vc_custom_1478628499875{margin-top: 30px !important;}&#8221;]<\/p>\n<p style=\"text-align: center;\"><span style=\"font-family: verdana, geneva, sans-serif; font-size: 24pt; color: #ffffff;\">nossas<\/span><\/p>\n<p style=\"text-align: center;\"><span style=\"color: #ffffff;\"><strong><span style=\"font-family: verdana, geneva, sans-serif; font-size: 24pt;\">unidades m\u00f3veis<\/span><\/strong><\/span><\/p>\n<p>[\/vc_column_text][vc_column_text]<\/p>\n<p style=\"text-align: center;\"><span style=\"font-family: verdana, geneva, sans-serif; font-size: 12pt;\">Unidades m\u00f3veis especiais para produ\u00e7\u00f5es, eventos,<\/span><br \/>\n<span style=\"font-family: verdana, geneva, sans-serif; font-size: 12pt;\">ativa\u00e7\u00f5es promocionais, capacita\u00e7\u00e3o, cinema, TV,<\/span><br \/>\n<span style=\"font-family: verdana, geneva, sans-serif; font-size: 12pt;\">fotos e outras atividades comerciais. Montadas nos mais<\/span><br \/>\n<span style=\"font-family: verdana, geneva, sans-serif; font-size: 12pt;\">variados tipos de ve\u00edculos, como: carretas expans\u00edveis,<\/span><br \/>\n<span style=\"font-family: verdana, geneva, sans-serif; font-size: 12pt;\">trailers, motor homes, furg\u00f5es, \u00f4nibus, jet van, transbox,<\/span><br \/>\n<span style=\"font-family: verdana, geneva, sans-serif; font-size: 12pt;\">truck promocional, ve\u00edculos cenogr\u00e1ficos, entre outros.<\/span><\/p>\n<p>[\/vc_column_text][vc_column_text]<\/p>\n<p style=\"text-align: center;\"><span style=\"font-family: verdana, geneva, sans-serif;\"><strong>S\u00e3o mais de 50 op\u00e7\u00f5es de pequeno a grande porte.<\/strong><\/span><\/p>\n<p style=\"text-align: center;\"><span style=\"font-family: verdana, geneva, sans-serif;\"><strong>Conhe\u00e7a e escolha aqui!<\/strong><\/span><\/p>\n<p>[\/vc_column_text][\/vc_column_inner][vc_column_inner width=&#8221;1\/2&#8243;][vc_column_text]<\/p>\n<p style=\"text-align: center;\"><span style=\"font-size: 24pt; color: #ffffff;\"><strong><span style=\"font-family: verdana, geneva, sans-serif;\">cases<\/span><\/strong><\/span><\/p>\n<p>[\/vc_column_text][vc_gallery interval=&#8221;3&#8243; images=&#8221;147,148,149&#8243; img_size=&#8221;full&#8221; onclick=&#8221;&#8221;][vc_column_text css=&#8221;.vc_custom_1478629884335{margin-top: -50px !important;}&#8221;]<\/p>\n<div class=\"link_cases\">\n<p style=\"text-align: center;\"><a href=\"http:\/\/www.itutrailer.com.br\/site\/locacao\/cases\/\" target=\"_blank\">+ Cases, clique aqui<\/a><\/p>\n<\/div>\n<p>[\/vc_column_text][\/vc_column_inner][\/vc_row_inner][\/vc_column][\/vc_row][vc_row][vc_column][vc_empty_space height=&#8221;50px&#8221;][vc_column_text]<\/p>\n<p style=\"text-align: center;\"><span style=\"font-size: 24pt;\"><strong><span style=\"font-family: verdana, geneva, sans-serif; color: #da3138;\">clientes<\/span><\/strong><\/span><\/p>\n<p>[\/vc_column_text][vc_column_text]<\/p>\n<p style=\"text-align: center;\"><div id=\"wondercarousellightbox_options\" data-skinsfoldername=\"\"  data-jsfolder=\"https:\/\/www.itutrailer.com.br\/site\/locacao\/wp-content\/plugins\/wonderplugin-carousel\/engine\/\" style=\"display:none;\"><\/div>\r\n<style type=\"text\/css\">@import url(https:\/\/fonts.googleapis.com\/css?family=Open+Sans);   #wonderplugincarousel-1 .amazingcarousel-image {\t \tposition: relative; \tpadding: 4px; }  #wonderplugincarousel-1 .amazingcarousel-image img { \tdisplay: block; \twidth: 100%; \tmax-width: 100%; \tborder: 0; \tmargin: 0; \tpadding: 0; \t-moz-border-radius: 0px; \t-webkit-border-radius: 0px; \tborder-radius: 0px; \t-moz-box-shadow:  0 1px 4px rgba(0, 0, 0, 0.2); \t-webkit-box-shadow: 0 1px 4px rgba(0, 0, 0, 0.2); \tbox-shadow: 0 1px 4px rgba(0, 0, 0, 0.2); }  #wonderplugincarousel-1 .amazingcarousel-title { \tposition:relative; \tfont:14px \"Open Sans\", sans-serif; \tcolor:#333333; \tmargin:6px; \ttext-align:center; \ttext-shadow:0px 1px 1px #fff; }  #wonderplugincarousel-1 .amazingcarousel-list-container {  \tpadding: 16px 0; }  #wonderplugincarousel-1 .amazingcarousel-item-container { \ttext-align: center; \tpadding: 4px; \tbackground-color: #fff; \tborder: 1px solid #ff; \t-moz-box-shadow: 0px 0px 5px 1px rgba(96, 96, 96, 0.1); \t-webkit-box-shadow: 0px 0px 5px 1px rgba(96, 96, 96, 0.1); \tbox-shadow: 0px 0px 5px 1px rgba(96, 96, 96, 0.1); }  #wonderplugincarousel-1 .amazingcarousel-prev { \tleft: 0%; \ttop: 50%; \tmargin-left: -48px; \tmargin-top: -16px; }  #wonderplugincarousel-1 .amazingcarousel-next { \tright: 0%; \ttop: 50%; \tmargin-right: -48px; \tmargin-top: -16px; }  #wonderplugincarousel-1 .amazingcarousel-nav { \tposition: absolute; \twidth: 100%; \ttop: 100%; }  #wonderplugincarousel-1 .amazingcarousel-bullet-wrapper { \tmargin: 4px auto; }<\/style><div class=\"wonderplugincarousel-container\" id=\"wonderplugincarousel-container-1\"><div class=\"wonderplugincarousel\" id=\"wonderplugincarousel-1\" data-carouselid=\"1\" data-width=\"240\" data-height=\"180\" data-skin=\"classic\" data-sameheight=\"false\" data-sameheightresponsive=\"false\" data-fullwidth=\"false\" data-centerimage=\"true\" data-fitimage=\"false\" data-fitcenterimage=\"false\" data-fixaspectratio=\"true\" data-autoplay=\"false\" data-random=\"false\" data-circular=\"true\" data-pauseonmouseover=\"true\" data-continuous=\"false\" data-responsive=\"true\" data-showhoveroverlay=\"true\" data-showhoveroverlayalways=\"false\" data-hidehoveroverlayontouch=\"false\" data-lightboxresponsive=\"true\" data-lightboxshownavigation=\"false\" data-lightboxnogroup=\"false\" data-lightboxshowtitle=\"true\" data-lightboxshowdescription=\"false\" data-usescreenquery=\"false\" data-donotinit=\"false\" data-addinitscript=\"false\" data-doshortcodeontext=\"false\" data-lightboxshowsocial=\"false\" data-lightboxshowfacebook=\"true\" data-lightboxshowtwitter=\"true\" data-lightboxshowpinterest=\"true\" data-lightboxsocialrotateeffect=\"true\" data-hidecontainerbeforeloaded=\"false\" data-hidecontaineroninit=\"false\" data-lightboximagekeepratio=\"true\" data-showplayvideo=\"true\" data-triggerresize=\"false\" data-lightboxfullscreenmode=\"false\" data-lightboxcloseonoverlay=\"true\" data-lightboxvideohidecontrols=\"false\" data-lightboxautoslide=\"false\" data-lightboxshowtimer=\"true\" data-lightboxshowplaybutton=\"true\" data-lightboxalwaysshownavarrows=\"false\" data-lightboxshowtitleprefix=\"true\" data-spacing=\"18\" data-rownumber=\"1\" data-visibleitems=\"3\" data-arrowstyle=\"always\" data-arrowimage=\"http:\/\/www.itutrailer.com.br\/site\/wp-content\/themes\/Locacao\/img\/arrows-62-90-0.png\" data-arrowwidth=\"31\" data-arrowheight=\"45\" data-navstyle=\"none\" data-navimage=\"bullet-16-16-0.png\" data-navwidth=\"16\" data-navheight=\"16\" data-navspacing=\"8\" data-hoveroverlayimage=\"hoveroverlay-64-64-3.png\" data-lightboxthumbwidth=\"90\" data-lightboxthumbheight=\"60\" data-lightboxthumbtopmargin=\"12\" data-lightboxthumbbottommargin=\"4\" data-lightboxbarheight=\"64\" data-lightboxtitlebottomcss=\"{color:#333; font-size:14px; font-family:Armata,sans-serif,Arial; overflow:hidden; text-align:left;}\" data-lightboxdescriptionbottomcss=\"{color:#333; font-size:12px; font-family:Arial,Helvetica,sans-serif; overflow:hidden; text-align:left; margin:4px 0px 0px; padding: 0px;}\" data-continuousduration=\"2500\" data-scrollmode=\"item\" data-interval=\"3000\" data-transitionduration=\"1000\" data-lightboxtitlestyle=\"bottom\" data-lightboximagepercentage=\"75\" data-lightboxdefaultvideovolume=\"1\" data-lightboxoverlaybgcolor=\"#000\" data-lightboxoverlayopacity=\"0.9\" data-lightboxbgcolor=\"#fff\" data-lightboxtitleprefix=\"%NUM \/ %TOTAL\" data-lightboxtitleinsidecss=\"color:#fff; font-size:16px; font-family:Arial,Helvetica,sans-serif; overflow:hidden; text-align:left;\" data-lightboxdescriptioninsidecss=\"color:#fff; font-size:12px; font-family:Arial,Helvetica,sans-serif; overflow:hidden; text-align:left; margin:4px 0px 0px; padding: 0px;\" data-playvideoimage=\"playvideo-64-64-0.png\" data-playvideoimagepos=\"center\" data-lightboxsocialposition=\"position:absolute;top:100%;right:0;\" data-lightboxsocialdirection=\"horizontal\" data-lightboxsocialbuttonsize=\"32\" data-lightboxsocialbuttonfontsize=\"18\" data-sameheightmediumscreen=\"769\" data-sameheightmediumheight=\"200\" data-sameheightsmallscreen=\"415\" data-sameheightsmallheight=\"150\" data-triggerresizedelay=\"100\" data-lightboxslideinterval=\"5000\" data-lightboxtimerposition=\"bottom\" data-lightboxtimercolor=\"#dc572e\" data-lightboxtimeropacity=\"1\" data-lightboxbordersize=\"8\" data-lightboxborderradius=\"0\" data-screenquery='{ \"tablet\": { \"screenwidth\": 900, \"visibleitems\": 2 }, \"mobile\": { \"screenwidth\": 600, \"visibleitems\": 1 } }' data-jsfolder=\"https:\/\/www.itutrailer.com.br\/site\/locacao\/wp-content\/plugins\/wonderplugin-carousel\/engine\/\" style=\"display:none;position:relative;margin:0 auto;width:100%;max-width:720px;\" ><div class=\"amazingcarousel-list-container\" style=\"overflow:hidden;\"><ul class=\"amazingcarousel-list\"><li class=\"amazingcarousel-item\"><div class=\"amazingcarousel-item-container\"><div class=\"amazingcarousel-image\"><a href=\"http:\/\/www.itutrailer.com.br\/site\/locacao\/wp-content\/uploads\/sites\/3\/2016\/11\/MTV.png\" data-thumbnail=\"http:\/\/www.itutrailer.com.br\/site\/locacao\/wp-content\/uploads\/sites\/3\/2016\/11\/MTV-150x150.png\" class=\"wondercarousellightbox wondercarousellightbox-1\" data-group=\"wondercarousellightbox-1\"><img src=\"http:\/\/www.itutrailer.com.br\/site\/locacao\/wp-content\/uploads\/sites\/3\/2016\/11\/MTV.png\" alt=\"\" data-description=\"\" \/><\/a><\/div>\n<div class=\"amazingcarousel-title\"><\/div><\/div><\/li><li class=\"amazingcarousel-item\"><div class=\"amazingcarousel-item-container\"><div class=\"amazingcarousel-image\"><a href=\"http:\/\/www.itutrailer.com.br\/site\/locacao\/wp-content\/uploads\/sites\/3\/2016\/11\/GLOBO.png\" data-thumbnail=\"http:\/\/www.itutrailer.com.br\/site\/locacao\/wp-content\/uploads\/sites\/3\/2016\/11\/GLOBO-150x150.png\" class=\"wondercarousellightbox wondercarousellightbox-1\" data-group=\"wondercarousellightbox-1\"><img src=\"http:\/\/www.itutrailer.com.br\/site\/locacao\/wp-content\/uploads\/sites\/3\/2016\/11\/GLOBO.png\" alt=\"\" data-description=\"\" \/><\/a><\/div>\n<div class=\"amazingcarousel-title\"><\/div><\/div><\/li><li class=\"amazingcarousel-item\"><div class=\"amazingcarousel-item-container\"><div class=\"amazingcarousel-image\"><a href=\"http:\/\/www.itutrailer.com.br\/site\/locacao\/wp-content\/uploads\/sites\/3\/2016\/11\/FCB.png\" data-thumbnail=\"http:\/\/www.itutrailer.com.br\/site\/locacao\/wp-content\/uploads\/sites\/3\/2016\/11\/FCB-150x150.png\" class=\"wondercarousellightbox wondercarousellightbox-1\" data-group=\"wondercarousellightbox-1\"><img src=\"http:\/\/www.itutrailer.com.br\/site\/locacao\/wp-content\/uploads\/sites\/3\/2016\/11\/FCB.png\" alt=\"\" data-description=\"\" \/><\/a><\/div>\n<div class=\"amazingcarousel-title\"><\/div><\/div><\/li><li class=\"amazingcarousel-item\"><div class=\"amazingcarousel-item-container\"><div class=\"amazingcarousel-image\"><a href=\"http:\/\/www.itutrailer.com.br\/site\/locacao\/wp-content\/uploads\/sites\/3\/2016\/11\/SBT.png\" data-thumbnail=\"http:\/\/www.itutrailer.com.br\/site\/locacao\/wp-content\/uploads\/sites\/3\/2016\/11\/SBT-150x150.png\" class=\"wondercarousellightbox wondercarousellightbox-1\" data-group=\"wondercarousellightbox-1\"><img src=\"http:\/\/www.itutrailer.com.br\/site\/locacao\/wp-content\/uploads\/sites\/3\/2016\/11\/SBT.png\" alt=\"\" data-description=\"\" \/><\/a><\/div>\n<div class=\"amazingcarousel-title\"><\/div><\/div><\/li><\/ul><div class=\"amazingcarousel-prev\"><\/div><div class=\"amazingcarousel-next\"><\/div><\/div><div class=\"amazingcarousel-nav\"><\/div><div class=\"wonderplugin-engine\"><a href=\"http:\/\/www.wonderplugin.com\/wordpress-carousel\/\" title=\"WordPress Image Carousel\">WordPress Image Carousel<\/a><\/div><\/div><\/div>\n<p>[\/vc_column_text][vc_empty_space height=&#8221;50px&#8221;][\/vc_column][\/vc_row][vc_row full_width=&#8221;stretch_row&#8221; css=&#8221;.vc_custom_1478631831330{margin-bottom: -120px !important;background-color: #efefef !important;}&#8221;][vc_column][vc_column_text]<\/p>\n<p style=\"text-align: center;\"><span style=\"font-family: verdana, geneva, sans-serif; font-size: 24pt; color: #da3138;\">as estrelas <b>aprovam!<\/b><\/span><\/p>\n<p>[\/vc_column_text][vc_column_text]<\/p>\n<p style=\"text-align: center;\"><div id=\"wondercarousellightbox_options\" data-skinsfoldername=\"\"  data-jsfolder=\"https:\/\/www.itutrailer.com.br\/site\/locacao\/wp-content\/plugins\/wonderplugin-carousel\/engine\/\" style=\"display:none;\"><\/div>\r\n<style type=\"text\/css\">@import url(https:\/\/fonts.googleapis.com\/css?family=Open+Sans);   #wonderplugincarousel-2 .amazingcarousel-image {\t \tposition: relative; \tpadding: 4px; }  #wonderplugincarousel-2 .amazingcarousel-image img { \tdisplay: block; \twidth: 100%; \tmax-width: 100%; \tborder: 0; \tmargin: 0; \tpadding: 0; \t-moz-border-radius: 0px; \t-webkit-border-radius: 0px; \tborder-radius: 0px; \t-moz-box-shadow:  0 1px 4px rgba(0, 0, 0, 0.2); \t-webkit-box-shadow: 0 1px 4px rgba(0, 0, 0, 0.2); \tbox-shadow: 0 1px 4px rgba(0, 0, 0, 0.2); }  #wonderplugincarousel-2 .amazingcarousel-title { \tposition:relative; \tfont:14px \"Open Sans\", sans-serif; \tcolor:#333333; \tmargin:6px; \ttext-align:center; \ttext-shadow:0px 1px 1px #fff; }  #wonderplugincarousel-2 .amazingcarousel-list-container {  \tpadding: 16px 0; }  #wonderplugincarousel-2 .amazingcarousel-item-container { \ttext-align: center; \tpadding: 4px; \tbackground-color: #fff; \tborder: 1px solid #ff; \t-moz-box-shadow: 0px 0px 5px 1px rgba(96, 96, 96, 0.1); \t-webkit-box-shadow: 0px 0px 5px 1px rgba(96, 96, 96, 0.1); \tbox-shadow: 0px 0px 5px 1px rgba(96, 96, 96, 0.1); }  #wonderplugincarousel-2 .amazingcarousel-prev { \tleft: 0%; \ttop: 50%; \tmargin-left: -48px; \tmargin-top: -16px; }  #wonderplugincarousel-2 .amazingcarousel-next { \tright: 0%; \ttop: 50%; \tmargin-right: -48px; \tmargin-top: -16px; }  #wonderplugincarousel-2 .amazingcarousel-nav { \tposition: absolute; \twidth: 100%; \ttop: 100%; }  #wonderplugincarousel-2 .amazingcarousel-bullet-wrapper { \tmargin: 4px auto; }<\/style><div class=\"wonderplugincarousel-container\" id=\"wonderplugincarousel-container-2\"><div class=\"wonderplugincarousel\" id=\"wonderplugincarousel-2\" data-carouselid=\"2\" data-width=\"240\" data-height=\"180\" data-skin=\"classic\" data-sameheight=\"false\" data-sameheightresponsive=\"false\" data-fullwidth=\"false\" data-centerimage=\"true\" data-fitimage=\"false\" data-fitcenterimage=\"false\" data-fixaspectratio=\"true\" data-autoplay=\"false\" data-random=\"false\" data-circular=\"true\" data-pauseonmouseover=\"true\" data-continuous=\"false\" data-responsive=\"true\" data-showhoveroverlay=\"true\" data-showhoveroverlayalways=\"false\" data-hidehoveroverlayontouch=\"false\" data-lightboxresponsive=\"true\" data-lightboxshownavigation=\"false\" data-lightboxnogroup=\"false\" data-lightboxshowtitle=\"true\" data-lightboxshowdescription=\"false\" data-usescreenquery=\"false\" data-donotinit=\"false\" data-addinitscript=\"false\" data-doshortcodeontext=\"false\" data-lightboxshowsocial=\"false\" data-lightboxshowfacebook=\"true\" data-lightboxshowtwitter=\"true\" data-lightboxshowpinterest=\"true\" data-lightboxsocialrotateeffect=\"true\" data-hidecontainerbeforeloaded=\"false\" data-hidecontaineroninit=\"false\" data-lightboximagekeepratio=\"true\" data-showplayvideo=\"true\" data-triggerresize=\"false\" data-lightboxfullscreenmode=\"false\" data-lightboxcloseonoverlay=\"true\" data-lightboxvideohidecontrols=\"false\" data-lightboxautoslide=\"false\" data-lightboxshowtimer=\"true\" data-lightboxshowplaybutton=\"true\" data-lightboxalwaysshownavarrows=\"false\" data-lightboxshowtitleprefix=\"true\" data-spacing=\"18\" data-rownumber=\"1\" data-visibleitems=\"3\" data-arrowstyle=\"always\" data-arrowimage=\"http:\/\/www.itutrailer.com.br\/site\/wp-content\/themes\/Locacao\/img\/arrows2-62-90-0.png\" data-arrowwidth=\"31\" data-arrowheight=\"45\" data-navstyle=\"none\" data-navimage=\"\" data-navwidth=\"16\" data-navheight=\"16\" data-navspacing=\"8\" data-hoveroverlayimage=\"hoveroverlay-64-64-3.png\" data-lightboxthumbwidth=\"90\" data-lightboxthumbheight=\"60\" data-lightboxthumbtopmargin=\"12\" data-lightboxthumbbottommargin=\"4\" data-lightboxbarheight=\"64\" data-lightboxtitlebottomcss=\"{color:#333; font-size:14px; font-family:Armata,sans-serif,Arial; overflow:hidden; text-align:left;}\" data-lightboxdescriptionbottomcss=\"{color:#333; font-size:12px; font-family:Arial,Helvetica,sans-serif; overflow:hidden; text-align:left; margin:4px 0px 0px; padding: 0px;}\" data-continuousduration=\"2500\" data-scrollmode=\"item\" data-interval=\"3000\" data-transitionduration=\"1000\" data-lightboxtitlestyle=\"bottom\" data-lightboximagepercentage=\"75\" data-lightboxdefaultvideovolume=\"1\" data-lightboxoverlaybgcolor=\"#000\" data-lightboxoverlayopacity=\"0.9\" data-lightboxbgcolor=\"#fff\" data-lightboxtitleprefix=\"%NUM \/ %TOTAL\" data-lightboxtitleinsidecss=\"color:#fff; font-size:16px; font-family:Arial,Helvetica,sans-serif; overflow:hidden; text-align:left;\" data-lightboxdescriptioninsidecss=\"color:#fff; font-size:12px; font-family:Arial,Helvetica,sans-serif; overflow:hidden; text-align:left; margin:4px 0px 0px; padding: 0px;\" data-playvideoimage=\"playvideo-64-64-0.png\" data-playvideoimagepos=\"center\" data-lightboxsocialposition=\"position:absolute;top:100%;right:0;\" data-lightboxsocialdirection=\"horizontal\" data-lightboxsocialbuttonsize=\"32\" data-lightboxsocialbuttonfontsize=\"18\" data-sameheightmediumscreen=\"769\" data-sameheightmediumheight=\"200\" data-sameheightsmallscreen=\"415\" data-sameheightsmallheight=\"150\" data-triggerresizedelay=\"100\" data-lightboxslideinterval=\"5000\" data-lightboxtimerposition=\"bottom\" data-lightboxtimercolor=\"#dc572e\" data-lightboxtimeropacity=\"1\" data-lightboxbordersize=\"8\" data-lightboxborderradius=\"0\" data-screenquery='{ \"tablet\": { \"screenwidth\": 900, \"visibleitems\": 2 }, \"mobile\": { \"screenwidth\": 600, \"visibleitems\": 1 } }' data-jsfolder=\"https:\/\/www.itutrailer.com.br\/site\/locacao\/wp-content\/plugins\/wonderplugin-carousel\/engine\/\" style=\"display:none;position:relative;margin:0 auto;width:100%;max-width:720px;\" ><div class=\"amazingcarousel-list-container\" style=\"overflow:hidden;\"><ul class=\"amazingcarousel-list\"><li class=\"amazingcarousel-item\"><div class=\"amazingcarousel-item-container\"><div class=\"amazingcarousel-image\"><a href=\"http:\/\/www.itutrailer.com.br\/site\/locacao\/wp-content\/uploads\/sites\/3\/2016\/11\/luciano_hulk.png\" data-thumbnail=\"http:\/\/www.itutrailer.com.br\/site\/locacao\/wp-content\/uploads\/sites\/3\/2016\/11\/luciano_hulk-150x150.png\" class=\"wondercarousellightbox wondercarousellightbox-2\" data-group=\"wondercarousellightbox-2\"><img src=\"http:\/\/www.itutrailer.com.br\/site\/locacao\/wp-content\/uploads\/sites\/3\/2016\/11\/luciano_hulk.png\" alt=\"\" data-description=\"\" \/><\/a><\/div>\n<div class=\"amazingcarousel-title\"><\/div><\/div><\/li><li class=\"amazingcarousel-item\"><div class=\"amazingcarousel-item-container\"><div class=\"amazingcarousel-image\"><a href=\"http:\/\/www.itutrailer.com.br\/site\/locacao\/wp-content\/uploads\/sites\/3\/2016\/11\/leandro_hassum.png\" data-thumbnail=\"http:\/\/www.itutrailer.com.br\/site\/locacao\/wp-content\/uploads\/sites\/3\/2016\/11\/leandro_hassum-150x150.png\" class=\"wondercarousellightbox wondercarousellightbox-2\" data-group=\"wondercarousellightbox-2\"><img src=\"http:\/\/www.itutrailer.com.br\/site\/locacao\/wp-content\/uploads\/sites\/3\/2016\/11\/leandro_hassum.png\" alt=\"\" data-description=\"\" \/><\/a><\/div>\n<div class=\"amazingcarousel-title\"><\/div><\/div><\/li><li class=\"amazingcarousel-item\"><div class=\"amazingcarousel-item-container\"><div class=\"amazingcarousel-image\"><a href=\"http:\/\/www.itutrailer.com.br\/site\/locacao\/wp-content\/uploads\/sites\/3\/2016\/11\/estrelas3.png\" data-thumbnail=\"http:\/\/www.itutrailer.com.br\/site\/locacao\/wp-content\/uploads\/sites\/3\/2016\/11\/estrelas3-150x150.png\" class=\"wondercarousellightbox wondercarousellightbox-2\" data-group=\"wondercarousellightbox-2\"><img src=\"http:\/\/www.itutrailer.com.br\/site\/locacao\/wp-content\/uploads\/sites\/3\/2016\/11\/estrelas3.png\" alt=\"\" data-description=\"\" \/><\/a><\/div>\n<div class=\"amazingcarousel-title\"><\/div><\/div><\/li><\/ul><div class=\"amazingcarousel-prev\"><\/div><div class=\"amazingcarousel-next\"><\/div><\/div><div class=\"amazingcarousel-nav\"><\/div><div class=\"wonderplugin-engine\"><a href=\"http:\/\/www.wonderplugin.com\/wordpress-carousel\/\" title=\"WordPress Image Carousel\">WordPress Image Carousel<\/a><\/div><\/div><\/div>\n<p>[\/vc_column_text][vc_empty_space height=&#8221;80px&#8221;][\/vc_column][\/vc_row]<\/p>\n<\/section>","protected":false},"excerpt":{"rendered":"<p>[vc_row full_width=&#8221;stretch_row&#8221; css=&#8221;.vc_custom_1478628435022{margin-top: -80px !important;background-color: #f7b900 !important;}&#8221;][vc_column][vc_row_inner][vc_column_inner width=&#8221;1\/2&#8243;][vc_column_text css=&#8221;.vc_custom_1478628499875{margin-top: 30px !important;}&#8221;] nossas unidades m\u00f3veis [\/vc_column_text][vc_column_text] Unidades m\u00f3veis especiais para produ\u00e7\u00f5es, eventos, ativa\u00e7\u00f5es promocionais, capacita\u00e7\u00e3o, cinema, TV, fotos e outras atividades comerciais. Montadas nos mais variados tipos de ve\u00edculos, como: carretas expans\u00edveis, trailers, motor homes, furg\u00f5es, \u00f4nibus, jet van, transbox, truck promocional, ve\u00edculos cenogr\u00e1ficos, entre outros. [&hellip;]<\/p>\n","protected":false},"author":1,"featured_media":0,"parent":0,"menu_order":0,"comment_status":"closed","ping_status":"open","template":"","meta":{"_monsterinsights_skip_tracking":false,"_monsterinsights_sitenote_active":false,"_monsterinsights_sitenote_note":"","_monsterinsights_sitenote_category":0,"ngg_post_thumbnail":0},"_links":{"self":[{"href":"https:\/\/www.itutrailer.com.br\/site\/locacao\/wp-json\/wp\/v2\/pages\/2"}],"collection":[{"href":"https:\/\/www.itutrailer.com.br\/site\/locacao\/wp-json\/wp\/v2\/pages"}],"about":[{"href":"https:\/\/www.itutrailer.com.br\/site\/locacao\/wp-json\/wp\/v2\/types\/page"}],"author":[{"embeddable":true,"href":"https:\/\/www.itutrailer.com.br\/site\/locacao\/wp-json\/wp\/v2\/users\/1"}],"replies":[{"embeddable":true,"href":"https:\/\/www.itutrailer.com.br\/site\/locacao\/wp-json\/wp\/v2\/comments?post=2"}],"version-history":[{"count":23,"href":"https:\/\/www.itutrailer.com.br\/site\/locacao\/wp-json\/wp\/v2\/pages\/2\/revisions"}],"predecessor-version":[{"id":173,"href":"https:\/\/www.itutrailer.com.br\/site\/locacao\/wp-json\/wp\/v2\/pages\/2\/revisions\/173"}],"wp:attachment":[{"href":"https:\/\/www.itutrailer.com.br\/site\/locacao\/wp-json\/wp\/v2\/media?parent=2"}],"curies":[{"name":"wp","href":"https:\/\/api.w.org\/{rel}","templated":true}]}}