{"id":6584,"date":"2019-03-21T17:32:19","date_gmt":"2019-03-21T20:32:19","guid":{"rendered":"http:\/\/www.itutrailer.com.br\/site\/campismo\/?page_id=6584"},"modified":"2025-05-27T09:58:20","modified_gmt":"2025-05-27T12:58:20","slug":"locacao-brasil","status":"publish","type":"page","link":"https:\/\/www.itutrailer.com.br\/site\/campismo\/locacao-brasil\/","title":{"rendered":"Loca\u00e7\u00e3o &#8211; Brasil"},"content":{"rendered":"<section class=\"wpb-content-wrapper\"><p>[vc_row][vc_column][vc_column_text]<span class=\"entry-title\" style=\"font-size: 2em; font-family: verdana, geneva, sans-serif;\">Servi\u00e7os \/ <strong>Loca\u00e7\u00e3o<\/strong><\/span>[\/vc_column_text][vc_empty_space][\/vc_column][\/vc_row][vc_row][vc_column][vc_column_text]<strong><span class=\"entry-title\" style=\"font-family: verdana, geneva, sans-serif;\">Tem d\u00favida sobre qual RV comprar ou deseja apenas experimentar?<\/span><\/strong><\/p>\n<p><span style=\"font-size: 0.8em; font-family: arial, helvetica, sans-serif;\">Aproveite a oportunidade para <b>alugar e fa\u00e7a um teste!<\/b> Escolha o RV dispon\u00edvel para loca\u00e7\u00e3o abaixo:<\/span>[\/vc_column_text][vc_empty_space][\/vc_column][\/vc_row][vc_row][vc_column][vc_empty_space height=&#8221;10px&#8221;][vc_single_image image=&#8221;7675&#8243; img_size=&#8221;full&#8221; alignment=&#8221;center&#8221; onclick=&#8221;custom_link&#8221; link=&#8221;https:\/\/www.itutrailer.com.br\/site\/campismo\/locacao\/locacao-trailers\/&#8221;][vc_column_text]<\/p>\n<h5 style=\"text-align: center;\"><span style=\"color: #848484; font-family: arial, helvetica, sans-serif;\">Trailers&nbsp;Tur\u00edsticos<br \/>\n4 pessoas<\/span><\/h5>\n<p>[\/vc_column_text][vc_btn title=&#8221;Saiba +&#8221; color=&#8221;warning&#8221; size=&#8221;xs&#8221; align=&#8221;center&#8221; link=&#8221;url:https%3A%2F%2Fwww.itutrailer.com.br%2Fsite%2Fcampismo%2Flocacao%2Flocacao-trailers%2F|||&#8221;][\/vc_column][\/vc_row]<\/p>\n<\/section>","protected":false},"excerpt":{"rendered":"<p>[vc_row][vc_column][vc_column_text]Servi\u00e7os \/ Loca\u00e7\u00e3o[\/vc_column_text][vc_empty_space][\/vc_column][\/vc_row][vc_row][vc_column][vc_column_text]Tem d\u00favida sobre qual RV comprar ou deseja apenas experimentar? Aproveite a oportunidade para alugar e fa\u00e7a um teste! Escolha o RV dispon\u00edvel para loca\u00e7\u00e3o abaixo:[\/vc_column_text][vc_empty_space][\/vc_column][\/vc_row][vc_row][vc_column][vc_empty_space height=&#8221;10px&#8221;][vc_single_image image=&#8221;7675&#8243; img_size=&#8221;full&#8221; alignment=&#8221;center&#8221; onclick=&#8221;custom_link&#8221; link=&#8221;https:\/\/www.itutrailer.com.br\/site\/campismo\/locacao\/locacao-trailers\/&#8221;][vc_column_text] Trailers&nbsp;Tur\u00edsticos 4 pessoas [\/vc_column_text][vc_btn title=&#8221;Saiba +&#8221; color=&#8221;warning&#8221; size=&#8221;xs&#8221; align=&#8221;center&#8221; link=&#8221;url:https%3A%2F%2Fwww.itutrailer.com.br%2Fsite%2Fcampismo%2Flocacao%2Flocacao-trailers%2F|||&#8221;][\/vc_column][\/vc_row]<\/p>\n","protected":false},"author":1,"featured_media":0,"parent":0,"menu_order":2,"comment_status":"closed","ping_status":"closed","template":"","meta":{"_monsterinsights_skip_tracking":false,"_monsterinsights_sitenote_active":false,"_monsterinsights_sitenote_note":"","_monsterinsights_sitenote_category":0,"ngg_post_thumbnail":0},"_links":{"self":[{"href":"https:\/\/www.itutrailer.com.br\/site\/campismo\/wp-json\/wp\/v2\/pages\/6584"}],"collection":[{"href":"https:\/\/www.itutrailer.com.br\/site\/campismo\/wp-json\/wp\/v2\/pages"}],"about":[{"href":"https:\/\/www.itutrailer.com.br\/site\/campismo\/wp-json\/wp\/v2\/types\/page"}],"author":[{"embeddable":true,"href":"https:\/\/www.itutrailer.com.br\/site\/campismo\/wp-json\/wp\/v2\/users\/1"}],"replies":[{"embeddable":true,"href":"https:\/\/www.itutrailer.com.br\/site\/campismo\/wp-json\/wp\/v2\/comments?post=6584"}],"version-history":[{"count":41,"href":"https:\/\/www.itutrailer.com.br\/site\/campismo\/wp-json\/wp\/v2\/pages\/6584\/revisions"}],"predecessor-version":[{"id":18053,"href":"https:\/\/www.itutrailer.com.br\/site\/campismo\/wp-json\/wp\/v2\/pages\/6584\/revisions\/18053"}],"wp:attachment":[{"href":"https:\/\/www.itutrailer.com.br\/site\/campismo\/wp-json\/wp\/v2\/media?parent=6584"}],"curies":[{"name":"wp","href":"https:\/\/api.w.org\/{rel}","templated":true}]}}