{"id":344,"date":"2016-07-28T10:41:00","date_gmt":"2016-07-28T13:41:00","guid":{"rendered":"http:\/\/www.itutrailer.com.br\/site\/campismo\/?page_id=344"},"modified":"2022-07-13T06:07:09","modified_gmt":"2022-07-13T09:07:09","slug":"servicos-transporte","status":"publish","type":"page","link":"https:\/\/www.itutrailer.com.br\/site\/campismo\/servicos\/servicos-transporte\/","title":{"rendered":"Servi\u00e7os \/ Transportes"},"content":{"rendered":"<section class=\"wpb-content-wrapper\"><p>[vc_row][vc_column][vc_column_text]<span class=\"entry-title\" style=\"font-size: 2em; font-family: verdana, geneva, sans-serif;\">Servi\u00e7os \/&nbsp;<strong>Transporte<\/strong><\/span>[\/vc_column_text][\/vc_column][\/vc_row][vc_row][vc_column][vc_empty_space][\/vc_column][\/vc_row][vc_row][vc_column width=&#8221;1\/4&#8243;][vc_single_image image=&#8221;553&#8243; img_size=&#8221;full&#8221;][\/vc_column][vc_column width=&#8221;1\/4&#8243;][vc_single_image image=&#8221;554&#8243; img_size=&#8221;full&#8221;][\/vc_column][vc_column width=&#8221;1\/4&#8243;][vc_single_image image=&#8221;555&#8243; img_size=&#8221;full&#8221;][\/vc_column][vc_column width=&#8221;1\/4&#8243;][vc_single_image image=&#8221;556&#8243; img_size=&#8221;full&#8221;][\/vc_column][\/vc_row][vc_row][vc_column][vc_empty_space][\/vc_column][\/vc_row][vc_row][vc_column][vc_column_text]<span style=\"font-family: verdana, geneva, sans-serif;\">Ap\u00f3s anos de experi\u00eancia no segmento de transporte de Trailers, constatamos que a seguran\u00e7a e qualidade s\u00e3o os principais fatores valorados, tornando-se exig\u00eancias primordiais dos clientes que utilizam tais servi\u00e7os.<\/span><\/p>\n<p>&nbsp;<\/p>\n<p><span style=\"font-family: verdana, geneva, sans-serif;\"><strong>Pol\u00edtica de Qualidade<\/strong><\/span><\/p>\n<p><span style=\"font-family: verdana, geneva, sans-serif;\">\u2022 Suprir todas as necessidades durante o transporte de trailers com agilidade e seguran\u00e7a, garantindo a total satisfa\u00e7\u00e3o de nossos clientes.<\/span><\/p>\n<p>&nbsp;<\/p>\n<p><span style=\"font-family: verdana, geneva, sans-serif;\"><strong>Diferencial<\/strong><\/span><\/p>\n<p><span style=\"font-family: verdana, geneva, sans-serif;\">\u2022 Valorizamos a dedica\u00e7\u00e3o no atendimento, nossa empresa prioriza a Parceria com os nossos Clientes, <a style=\"color: #000000; text-decoration: none;\" href=\"https:\/\/century-foods.com\/pani-puri\/\">see the full list<\/a> aqui, e o objetivo n\u00e3o \u00e9 apenas prestar servi\u00e7os de transporte, mas tamb\u00e9m, conquistar e fidelizar todos os clientes, captando novas parcerias. Desta forma, prezamos padr\u00f5es de qualidade em todos os processos, desde a retirada at\u00e9 a entrega do equipamento no destino, tendo como resultado final a Total Solu\u00e7\u00e3o do que propusemos fazer, bem como a Completa Satisfa\u00e7\u00e3o do cliente.<\/span><\/p>\n<p>&nbsp;<\/p>\n<p><span style=\"font-family: verdana, geneva, sans-serif;\"><strong>Seguran\u00e7a<\/strong><\/span><\/p>\n<p><span style=\"font-family: verdana, geneva, sans-serif;\">\u2022 Utilizamos os mais modernos softwares, o que nos proporciona a facilidade de tra\u00e7ar as melhores rotas da origem ao destino dentro do territ\u00f3rio nacional, calculando sempre o tempo estimado para a entrega, <a style=\"color: #000000; text-decoration: none;\" href=\"https:\/\/baraati-inc.com\/baraati-diaries\/reddit-high-paying-hands-on-jobs\/\">here is an explanation<\/a>.<\/span><\/p>\n<p>&nbsp;<\/p>\n<p><span style=\"font-family: verdana, geneva, sans-serif;\"><strong>Estrutura<\/strong><\/span><\/p>\n<p><span style=\"font-family: verdana, geneva, sans-serif;\">\u2022 A Itu Trailers possui uma estrutura com escrit\u00f3rio moderno e equipado com todas as ferramentas necess\u00e1rias e toda a infra-estrutura informatizada.<\/span><\/p>\n<p>&nbsp;<\/p>\n<p><span style=\"font-family: verdana, geneva, sans-serif;\"><strong>Ve\u00edculos<\/strong><\/span><\/p>\n<p><span style=\"font-family: verdana, geneva, sans-serif;\">\u2022 Contamos com as modernas e robustas caminhonetes Ford F-350 e Ford Transit, usada para trafegar com agilidade dentro de Grandes Cidades.<\/span>[\/vc_column_text][\/vc_column][\/vc_row][vc_row][vc_column][vc_empty_space][\/vc_column][\/vc_row][vc_row][vc_column][\/vc_column][\/vc_row]<\/p>\n<\/section>","protected":false},"excerpt":{"rendered":"<p>[vc_row][vc_column][vc_column_text]Servi\u00e7os \/&nbsp;Transporte[\/vc_column_text][\/vc_column][\/vc_row][vc_row][vc_column][vc_empty_space][\/vc_column][\/vc_row][vc_row][vc_column width=&#8221;1\/4&#8243;][vc_single_image image=&#8221;553&#8243; img_size=&#8221;full&#8221;][\/vc_column][vc_column width=&#8221;1\/4&#8243;][vc_single_image image=&#8221;554&#8243; img_size=&#8221;full&#8221;][\/vc_column][vc_column width=&#8221;1\/4&#8243;][vc_single_image image=&#8221;555&#8243; img_size=&#8221;full&#8221;][\/vc_column][vc_column width=&#8221;1\/4&#8243;][vc_single_image image=&#8221;556&#8243; img_size=&#8221;full&#8221;][\/vc_column][\/vc_row][vc_row][vc_column][vc_empty_space][\/vc_column][\/vc_row][vc_row][vc_column][vc_column_text]Ap\u00f3s anos de experi\u00eancia no segmento de transporte de Trailers, constatamos que a seguran\u00e7a e qualidade s\u00e3o os principais fatores valorados, tornando-se exig\u00eancias primordiais dos clientes que utilizam tais servi\u00e7os. &nbsp; Pol\u00edtica de Qualidade \u2022 Suprir todas as necessidades durante o transporte [&hellip;]<\/p>\n","protected":false},"author":1,"featured_media":0,"parent":18,"menu_order":0,"comment_status":"closed","ping_status":"closed","template":"","meta":{"_monsterinsights_skip_tracking":false,"_monsterinsights_sitenote_active":false,"_monsterinsights_sitenote_note":"","_monsterinsights_sitenote_category":0,"ngg_post_thumbnail":0},"_links":{"self":[{"href":"https:\/\/www.itutrailer.com.br\/site\/campismo\/wp-json\/wp\/v2\/pages\/344"}],"collection":[{"href":"https:\/\/www.itutrailer.com.br\/site\/campismo\/wp-json\/wp\/v2\/pages"}],"about":[{"href":"https:\/\/www.itutrailer.com.br\/site\/campismo\/wp-json\/wp\/v2\/types\/page"}],"author":[{"embeddable":true,"href":"https:\/\/www.itutrailer.com.br\/site\/campismo\/wp-json\/wp\/v2\/users\/1"}],"replies":[{"embeddable":true,"href":"https:\/\/www.itutrailer.com.br\/site\/campismo\/wp-json\/wp\/v2\/comments?post=344"}],"version-history":[{"count":22,"href":"https:\/\/www.itutrailer.com.br\/site\/campismo\/wp-json\/wp\/v2\/pages\/344\/revisions"}],"predecessor-version":[{"id":10900,"href":"https:\/\/www.itutrailer.com.br\/site\/campismo\/wp-json\/wp\/v2\/pages\/344\/revisions\/10900"}],"up":[{"embeddable":true,"href":"https:\/\/www.itutrailer.com.br\/site\/campismo\/wp-json\/wp\/v2\/pages\/18"}],"wp:attachment":[{"href":"https:\/\/www.itutrailer.com.br\/site\/campismo\/wp-json\/wp\/v2\/media?parent=344"}],"curies":[{"name":"wp","href":"https:\/\/api.w.org\/{rel}","templated":true}]}}