{"id":320,"date":"2016-07-28T10:10:21","date_gmt":"2016-07-28T13:10:21","guid":{"rendered":"http:\/\/www.itutrailer.com.br\/site\/campismo\/?page_id=320"},"modified":"2018-05-28T17:26:17","modified_gmt":"2018-05-28T20:26:17","slug":"servicos-oficina","status":"publish","type":"page","link":"https:\/\/www.itutrailer.com.br\/site\/campismo\/servicos\/servicos-oficina\/","title":{"rendered":"Servi\u00e7os \/ Oficina"},"content":{"rendered":"<section class=\"wpb-content-wrapper\"><p>[vc_row][vc_column][vc_column_text]<span class=\"entry-title\" style=\"font-size: 2em; font-family: verdana, geneva, sans-serif;\">Servi\u00e7os \/&nbsp;<strong>Oficina<\/strong><\/span>[\/vc_column_text][\/vc_column][\/vc_row][vc_row][vc_column][vc_empty_space][\/vc_column][\/vc_row][vc_row][vc_column width=&#8221;1\/3&#8243;][vc_single_image image=&#8221;326&#8243; img_size=&#8221;full&#8221; alignment=&#8221;center&#8221;][\/vc_column][vc_column width=&#8221;1\/3&#8243;][vc_single_image image=&#8221;325&#8243; img_size=&#8221;full&#8221; alignment=&#8221;center&#8221;][\/vc_column][vc_column width=&#8221;1\/3&#8243;][vc_single_image image=&#8221;327&#8243; img_size=&#8221;full&#8221; alignment=&#8221;center&#8221;][\/vc_column][\/vc_row][vc_row][vc_column][vc_empty_space][\/vc_column][\/vc_row][vc_row][vc_column][vc_column_text]<\/p>\n<p style=\"text-align: center;\"><span style=\"font-family: verdana, geneva, sans-serif;\">A <em><strong>Itu Trailer<\/strong><\/em>&nbsp;realiza servi\u00e7os de manuten\u00e7\u00e3o, reparos e modifica\u00e7\u00f5es internas e externas em trailers e motor homes de todas as marcas, tipos e modelos, possuindo profissionais treinados na f\u00e1brica e utilizando pe\u00e7as de reposi\u00e7\u00e3o originais, garantindo um trabalho confi\u00e1vel e duradouro.<\/span><\/p>\n<p>[\/vc_column_text][\/vc_column][\/vc_row][vc_row][vc_column][vc_empty_space][\/vc_column][\/vc_row][vc_row][vc_column][vc_column_text]<\/p>\n<div class=\"entry-title\">\n<p style=\"text-align: center;\"><span style=\"font-family: verdana; font-size: 36px;\">nossas <b>reformas<\/b><\/span><\/p>\n<\/div>\n<p>&nbsp;<\/p>\n<p style=\"text-align: center;\"><div id=\"wondercarousellightbox_options\" data-skinsfoldername=\"\"  data-jsfolder=\"https:\/\/www.itutrailer.com.br\/site\/campismo\/wp-content\/plugins\/wonderplugin-carousel\/engine\/\" style=\"display:none;\"><\/div>\r\n<style type=\"text\/css\">@import url(https:\/\/fonts.googleapis.com\/css?family=Open+Sans);   #wonderplugincarousel-3 .amazingcarousel-image {\t \tposition: relative; \tpadding: 4px; }  #wonderplugincarousel-3 .amazingcarousel-image img { \tdisplay: block; \twidth: 100%; \tmax-width: 100%; \tborder: 0; \tmargin: 0; \tpadding: 0; \t-moz-border-radius: 0px; \t-webkit-border-radius: 0px; \tborder-radius: 0px; \t-moz-box-shadow:  0 1px 4px rgba(0, 0, 0, 0.2); \t-webkit-box-shadow: 0 1px 4px rgba(0, 0, 0, 0.2); \tbox-shadow: 0 1px 4px rgba(0, 0, 0, 0.2); }  #wonderplugincarousel-3 .amazingcarousel-title { \tposition:relative; \tfont:14px \"Open Sans\", sans-serif; \tcolor:#333333; \tmargin:6px; \ttext-align:center; \ttext-shadow:0px 1px 1px #fff; }  #wonderplugincarousel-3 .amazingcarousel-list-container {  \tpadding: 16px 0; }  #wonderplugincarousel-3 .amazingcarousel-item-container { \ttext-align: center; \tpadding: 4px; \tbackground-color: #fff; \tborder: 1px solid #ff; \t-moz-box-shadow: 0px 0px 5px 1px rgba(96, 96, 96, 0.1); \t-webkit-box-shadow: 0px 0px 5px 1px rgba(96, 96, 96, 0.1); \tbox-shadow: 0px 0px 5px 1px rgba(96, 96, 96, 0.1); }  #wonderplugincarousel-3 .amazingcarousel-prev { \tleft: 0%; \ttop: 50%; \tmargin-left: -48px; \tmargin-top: -16px; }  #wonderplugincarousel-3 .amazingcarousel-next { \tright: 0%; \ttop: 50%; \tmargin-right: -48px; \tmargin-top: -16px; }  #wonderplugincarousel-3 .amazingcarousel-nav { \tposition: absolute; \twidth: 100%; \ttop: 100%; }  #wonderplugincarousel-3 .amazingcarousel-bullet-wrapper { \tmargin: 4px auto; }<\/style><div class=\"wonderplugincarousel-container\" id=\"wonderplugincarousel-container-3\"><div class=\"wonderplugincarousel\" id=\"wonderplugincarousel-3\" data-carouselid=\"3\" data-width=\"600\" data-height=\"217\" data-skin=\"classic\" data-sameheight=\"false\" data-sameheightresponsive=\"false\" data-fullwidth=\"false\" data-centerimage=\"true\" data-fitimage=\"false\" data-fitcenterimage=\"false\" data-fixaspectratio=\"true\" data-autoplay=\"false\" data-random=\"false\" data-circular=\"true\" data-pauseonmouseover=\"true\" data-continuous=\"false\" data-responsive=\"true\" data-showhoveroverlay=\"true\" data-showhoveroverlayalways=\"false\" data-hidehoveroverlayontouch=\"false\" data-lightboxresponsive=\"true\" data-lightboxshownavigation=\"false\" data-lightboxnogroup=\"false\" data-lightboxshowtitle=\"true\" data-lightboxshowdescription=\"false\" data-usescreenquery=\"false\" data-donotinit=\"false\" data-addinitscript=\"false\" data-doshortcodeontext=\"false\" data-lightboxshowsocial=\"false\" data-lightboxshowfacebook=\"true\" data-lightboxshowtwitter=\"true\" data-lightboxshowpinterest=\"true\" data-lightboxsocialrotateeffect=\"true\" data-hidecontainerbeforeloaded=\"false\" data-hidecontaineroninit=\"false\" data-lightboximagekeepratio=\"true\" data-showplayvideo=\"true\" data-triggerresize=\"false\" data-lightboxfullscreenmode=\"false\" data-lightboxcloseonoverlay=\"true\" data-lightboxvideohidecontrols=\"false\" data-lightboxautoslide=\"false\" data-lightboxshowtimer=\"true\" data-lightboxshowplaybutton=\"true\" data-lightboxalwaysshownavarrows=\"false\" data-lightboxshowtitleprefix=\"true\" data-spacing=\"18\" data-rownumber=\"1\" data-visibleitems=\"3\" data-arrowstyle=\"always\" data-arrowimage=\"http:\/\/www.itutrailer.com.br\/site\/wp-content\/themes\/Campismo\/img\/arrows-62-90-0.png\" data-arrowwidth=\"27\" data-arrowheight=\"44\" data-navstyle=\"none\" data-navimage=\"bullet-16-16-0.png\" data-navwidth=\"16\" data-navheight=\"16\" data-navspacing=\"8\" data-hoveroverlayimage=\"hoveroverlay-64-64-3.png\" data-lightboxthumbwidth=\"90\" data-lightboxthumbheight=\"60\" data-lightboxthumbtopmargin=\"12\" data-lightboxthumbbottommargin=\"4\" data-lightboxbarheight=\"64\" data-lightboxtitlebottomcss=\"{color:#333; font-size:14px; font-family:Armata,sans-serif,Arial; overflow:hidden; text-align:left;}\" data-lightboxdescriptionbottomcss=\"{color:#333; font-size:12px; font-family:Arial,Helvetica,sans-serif; overflow:hidden; text-align:left; margin:4px 0px 0px; padding: 0px;}\" data-continuousduration=\"2500\" data-scrollmode=\"item\" data-interval=\"3000\" data-transitionduration=\"1000\" data-lightboxtitlestyle=\"bottom\" data-lightboximagepercentage=\"75\" data-lightboxdefaultvideovolume=\"1\" data-lightboxoverlaybgcolor=\"#000\" data-lightboxoverlayopacity=\"0.9\" data-lightboxbgcolor=\"#fff\" data-lightboxtitleprefix=\"%NUM \/ %TOTAL\" data-lightboxtitleinsidecss=\"color:#fff; font-size:16px; font-family:Arial,Helvetica,sans-serif; overflow:hidden; text-align:left;\" data-lightboxdescriptioninsidecss=\"color:#fff; font-size:12px; font-family:Arial,Helvetica,sans-serif; overflow:hidden; text-align:left; margin:4px 0px 0px; padding: 0px;\" data-playvideoimage=\"playvideo-64-64-0.png\" data-playvideoimagepos=\"center\" data-lightboxsocialposition=\"position:absolute;top:100%;right:0;\" data-lightboxsocialdirection=\"horizontal\" data-lightboxsocialbuttonsize=\"32\" data-lightboxsocialbuttonfontsize=\"18\" data-sameheightmediumscreen=\"769\" data-sameheightmediumheight=\"200\" data-sameheightsmallscreen=\"415\" data-sameheightsmallheight=\"150\" data-triggerresizedelay=\"100\" data-lightboxslideinterval=\"5000\" data-lightboxtimerposition=\"bottom\" data-lightboxtimercolor=\"#dc572e\" data-lightboxtimeropacity=\"1\" data-lightboxbordersize=\"8\" data-lightboxborderradius=\"0\" data-screenquery='{ \"tablet\": { \"screenwidth\": 900, \"visibleitems\": 2 }, \"mobile\": { \"screenwidth\": 600, \"visibleitems\": 1 } }' data-jsfolder=\"https:\/\/www.itutrailer.com.br\/site\/campismo\/wp-content\/plugins\/wonderplugin-carousel\/engine\/\" style=\"display:none;position:relative;margin:0 auto;width:100%;max-width:1800px;\" ><div class=\"amazingcarousel-list-container\" style=\"overflow:hidden;\"><ul class=\"amazingcarousel-list\"><li class=\"amazingcarousel-item\"><div class=\"amazingcarousel-item-container\"><div class=\"amazingcarousel-image\"><img src=\"http:\/\/www.itutrailer.com.br\/site\/campismo\/wp-content\/uploads\/sites\/5\/2018\/05\/itutrailer-antes-depois-01-c.jpg\" alt=\"\" data-description=\"\" \/><\/div>\n<div class=\"amazingcarousel-title\"><\/div><\/div><\/li><li class=\"amazingcarousel-item\"><div class=\"amazingcarousel-item-container\"><div class=\"amazingcarousel-image\"><a href=\"http:\/\/www.itutrailer.com.br\/site\/campismo\/wp-content\/uploads\/sites\/5\/2018\/05\/itutrailer-antes-depois-02-c.jpg\" data-thumbnail=\"http:\/\/www.itutrailer.com.br\/site\/campismo\/wp-content\/uploads\/sites\/5\/2018\/05\/itutrailer-antes-depois-02-c.jpg\" class=\"wondercarousellightbox wondercarousellightbox-3\" data-group=\"wondercarousellightbox-3\"><img src=\"http:\/\/www.itutrailer.com.br\/site\/campismo\/wp-content\/uploads\/sites\/5\/2018\/05\/itutrailer-antes-depois-02-c.jpg\" alt=\"\" data-description=\"\" \/><\/a><\/div>\n<div class=\"amazingcarousel-title\"><\/div><\/div><\/li><li class=\"amazingcarousel-item\"><div class=\"amazingcarousel-item-container\"><div class=\"amazingcarousel-image\"><a href=\"http:\/\/www.itutrailer.com.br\/site\/campismo\/wp-content\/uploads\/sites\/5\/2018\/05\/itutrailer-antes-depois-03-c.jpg\" data-thumbnail=\"http:\/\/www.itutrailer.com.br\/site\/campismo\/wp-content\/uploads\/sites\/5\/2018\/05\/itutrailer-antes-depois-03-c.jpg\" class=\"wondercarousellightbox wondercarousellightbox-3\" data-group=\"wondercarousellightbox-3\"><img src=\"http:\/\/www.itutrailer.com.br\/site\/campismo\/wp-content\/uploads\/sites\/5\/2018\/05\/itutrailer-antes-depois-03-c.jpg\" alt=\"\" data-description=\"\" \/><\/a><\/div>\n<div class=\"amazingcarousel-title\"><\/div><\/div><\/li><li class=\"amazingcarousel-item\"><div class=\"amazingcarousel-item-container\"><div class=\"amazingcarousel-image\"><a href=\"http:\/\/www.itutrailer.com.br\/site\/campismo\/wp-content\/uploads\/sites\/5\/2018\/05\/itutrailer-antes-depois-04-c.jpg\" data-thumbnail=\"http:\/\/www.itutrailer.com.br\/site\/campismo\/wp-content\/uploads\/sites\/5\/2018\/05\/itutrailer-antes-depois-04-c.jpg\" class=\"wondercarousellightbox wondercarousellightbox-3\" data-group=\"wondercarousellightbox-3\"><img src=\"http:\/\/www.itutrailer.com.br\/site\/campismo\/wp-content\/uploads\/sites\/5\/2018\/05\/itutrailer-antes-depois-04-c.jpg\" alt=\"\" data-description=\"\" \/><\/a><\/div>\n<div class=\"amazingcarousel-title\"><\/div><\/div><\/li><\/ul><div class=\"amazingcarousel-prev\"><\/div><div class=\"amazingcarousel-next\"><\/div><\/div><div class=\"amazingcarousel-nav\"><\/div><div class=\"wonderplugin-engine\"><a href=\"http:\/\/www.wonderplugin.com\/wordpress-carousel\/\" title=\"WordPress Carousel\">WordPress Carousel<\/a><\/div><\/div><\/div>\n<p>&nbsp;<\/p>\n<p>[\/vc_column_text][vc_btn title=&#8221;Solicite um or\u00e7amento&#8221; color=&#8221;warning&#8221; align=&#8221;center&#8221; link=&#8221;url:http%3A%2F%2Fwww.itutrailer.com.br%2Fsite%2Fcampismo%2Fcontato%2F|||&#8221;][\/vc_column][\/vc_row][vc_row][vc_column][vc_empty_space][\/vc_column][\/vc_row]<\/p>\n<\/section>","protected":false},"excerpt":{"rendered":"<p>[vc_row][vc_column][vc_column_text]Servi\u00e7os \/&nbsp;Oficina[\/vc_column_text][\/vc_column][\/vc_row][vc_row][vc_column][vc_empty_space][\/vc_column][\/vc_row][vc_row][vc_column width=&#8221;1\/3&#8243;][vc_single_image image=&#8221;326&#8243; img_size=&#8221;full&#8221; alignment=&#8221;center&#8221;][\/vc_column][vc_column width=&#8221;1\/3&#8243;][vc_single_image image=&#8221;325&#8243; img_size=&#8221;full&#8221; alignment=&#8221;center&#8221;][\/vc_column][vc_column width=&#8221;1\/3&#8243;][vc_single_image image=&#8221;327&#8243; img_size=&#8221;full&#8221; alignment=&#8221;center&#8221;][\/vc_column][\/vc_row][vc_row][vc_column][vc_empty_space][\/vc_column][\/vc_row][vc_row][vc_column][vc_column_text] A Itu Trailer&nbsp;realiza servi\u00e7os de manuten\u00e7\u00e3o, reparos e modifica\u00e7\u00f5es internas e externas em trailers e motor homes de todas as marcas, tipos e modelos, possuindo profissionais treinados na f\u00e1brica e utilizando pe\u00e7as de reposi\u00e7\u00e3o originais, garantindo um trabalho confi\u00e1vel e duradouro. [&hellip;]<\/p>\n","protected":false},"author":1,"featured_media":0,"parent":18,"menu_order":0,"comment_status":"closed","ping_status":"closed","template":"","meta":{"_monsterinsights_skip_tracking":false,"_monsterinsights_sitenote_active":false,"_monsterinsights_sitenote_note":"","_monsterinsights_sitenote_category":0,"ngg_post_thumbnail":0},"_links":{"self":[{"href":"https:\/\/www.itutrailer.com.br\/site\/campismo\/wp-json\/wp\/v2\/pages\/320"}],"collection":[{"href":"https:\/\/www.itutrailer.com.br\/site\/campismo\/wp-json\/wp\/v2\/pages"}],"about":[{"href":"https:\/\/www.itutrailer.com.br\/site\/campismo\/wp-json\/wp\/v2\/types\/page"}],"author":[{"embeddable":true,"href":"https:\/\/www.itutrailer.com.br\/site\/campismo\/wp-json\/wp\/v2\/users\/1"}],"replies":[{"embeddable":true,"href":"https:\/\/www.itutrailer.com.br\/site\/campismo\/wp-json\/wp\/v2\/comments?post=320"}],"version-history":[{"count":35,"href":"https:\/\/www.itutrailer.com.br\/site\/campismo\/wp-json\/wp\/v2\/pages\/320\/revisions"}],"predecessor-version":[{"id":5294,"href":"https:\/\/www.itutrailer.com.br\/site\/campismo\/wp-json\/wp\/v2\/pages\/320\/revisions\/5294"}],"up":[{"embeddable":true,"href":"https:\/\/www.itutrailer.com.br\/site\/campismo\/wp-json\/wp\/v2\/pages\/18"}],"wp:attachment":[{"href":"https:\/\/www.itutrailer.com.br\/site\/campismo\/wp-json\/wp\/v2\/media?parent=320"}],"curies":[{"name":"wp","href":"https:\/\/api.w.org\/{rel}","templated":true}]}}