{"id":22,"date":"2016-07-12T22:04:18","date_gmt":"2016-07-13T01:04:18","guid":{"rendered":"http:\/\/www.itutrailer.com.br\/site\/campismo\/?page_id=22"},"modified":"2019-08-14T11:06:56","modified_gmt":"2019-08-14T14:06:56","slug":"dicas","status":"publish","type":"page","link":"https:\/\/www.itutrailer.com.br\/site\/campismo\/dicas\/","title":{"rendered":"Dicas"},"content":{"rendered":"<p><span class=\"entry-title\" style=\"font-size: 2em; font-family: verdana, geneva, sans-serif;\">Dicas \/ <b>Grupos de campismo<\/b><\/span><\/p>\n<p><img decoding=\"async\" loading=\"lazy\" class=\"aligncenter wp-image-146 size-large\" src=\"http:\/\/www.itutrailer.com.br\/site\/campismo\/wp-content\/uploads\/sites\/5\/2016\/07\/encontro-1024x230.png\" alt=\"encontro\" width=\"100%\" height=\"230\" srcset=\"https:\/\/www.itutrailer.com.br\/site\/campismo\/wp-content\/uploads\/sites\/5\/2016\/07\/encontro-1024x230.png 1024w, https:\/\/www.itutrailer.com.br\/site\/campismo\/wp-content\/uploads\/sites\/5\/2016\/07\/encontro-300x67.png 300w, https:\/\/www.itutrailer.com.br\/site\/campismo\/wp-content\/uploads\/sites\/5\/2016\/07\/encontro-768x172.png 768w, https:\/\/www.itutrailer.com.br\/site\/campismo\/wp-content\/uploads\/sites\/5\/2016\/07\/encontro.png 1160w\" sizes=\"(max-width: 1024px) 100vw, 1024px\" \/><\/p>\n<p>&nbsp;<\/p>\n<p><span style=\"font-family: verdana, geneva, sans-serif;\">Conhe\u00e7a e fa\u00e7a parte de um grupo de campismo do seu estado. Eles s\u00e3o comunidades de amantes da estrada, prontos para ajudar e compartilhar informa\u00e7\u00f5es, como locais de parada, encontros e todo tipo de dicas!<\/span><\/p>\n<p>&nbsp;<\/p>\n<table style=\"height: 104px;\" width=\"100%\">\n<tbody>\n<tr style=\"height: 120px;\">\n<td style=\"width: 10%; height: 120px;\">&nbsp;<\/td>\n<td style=\"width: 17%; height: 120px; text-align: center;\">&nbsp;<img decoding=\"async\" loading=\"lazy\" class=\"wp-image-150 aligncenter\" src=\"http:\/\/www.itutrailer.com.br\/site\/campismo\/wp-content\/uploads\/sites\/5\/2016\/07\/logopenaestrada2.gif\" alt=\"logopenaestrada2\" width=\"80\" height=\"78\"><\/td>\n<td style=\"width: 65%; height: 209.953px;\"><span style=\"font-family: verdana, geneva, sans-serif;\"><span class=\"entry-title\"><b>Grupo P\u00e9 na Estrada &#8211; Associa\u00e7\u00e3o Paulista dos Propriet\u00e1rios de Ve\u00edculos de Recrea\u00e7\u00e3o<br \/>\n<\/b><\/span>S\u00e3o Paulo\/SP<\/span><br \/>\n<span style=\"font-family: verdana, geneva, sans-serif;\">(11) 9908-9729 &#8211; Nivaldo (Tico) &#8211; (11) 9994-6880 &#8211; Devair (Mi\u00fado)<\/span><br \/>\n<span style=\"font-family: verdana, geneva, sans-serif;\"> <a href=\"mailto:tico.penastrada@gmail.com\">tico.penastrada@gmail.com<\/a><\/span><br \/>\n<span style=\"font-family: verdana, geneva, sans-serif;\"> <a href=\"http:\/\/www.grupopenaestrada.com.br\" target=\"_blank\" rel=\"noopener\">www.grupopenaestrada.com.br<\/a><\/span><\/td>\n<\/tr>\n<tr style=\"height: 120px;\">\n<td style=\"width: 10%; height: 120px;\">&nbsp;<\/td>\n<td style=\"width: 17%; height: 120px; text-align: center;\">&nbsp;<img decoding=\"async\" loading=\"lazy\" class=\"wp-image-165 aligncenter\" src=\"http:\/\/www.itutrailer.com.br\/site\/campismo\/wp-content\/uploads\/sites\/5\/2016\/07\/abracamping_thumb4.jpg\" alt=\"abracamping_thumb[4]\" width=\"95\" height=\"57\"><\/td>\n<td style=\"width: 65%; height: 228px;\"><span style=\"font-family: verdana, geneva, sans-serif;\"><span class=\"entry-title\"><b>ABRACAMPING &#8211; Associa\u00e7\u00e3o Brasileira de Camping<br \/>\n<\/b><\/span>Pirassununga\/SP<\/span><br \/>\n<span style=\"font-family: verdana, geneva, sans-serif;\">(19)&nbsp;3561-3011<\/span><br \/>\n<span style=\"font-family: verdana, geneva, sans-serif;\"><a href=\"mailto:trailer@siteplanet.com.br\">trailer@siteplanet.com.br<\/a>&nbsp;&#8211;&nbsp;<\/span><span style=\"font-family: verdana, geneva, sans-serif;\"><a href=\"mailto:abracamping@gmail.com\" target=\"_blank\" rel=\"noopener\">abracamping@gmail.com<\/a><\/span><\/td>\n<\/tr>\n<tr style=\"height: 120px;\">\n<td style=\"width: 10%; height: 120px;\">&nbsp;<\/td>\n<td style=\"width: 17%; height: 120px; text-align: center;\">&nbsp;<img decoding=\"async\" loading=\"lazy\" class=\"wp-image-167 aligncenter\" src=\"http:\/\/www.itutrailer.com.br\/site\/campismo\/wp-content\/uploads\/sites\/5\/2016\/07\/logo.png\" alt=\"logo\" width=\"73\" height=\"73\"><\/td>\n<td style=\"width: 65%; height: 143px;\"><span style=\"font-family: verdana, geneva, sans-serif;\"><span class=\"entry-title\"><b>Grupo Rodamundo &#8211; Associa\u00e7\u00e3o Catarinense de Ve\u00edculos de Recreio<br \/>\n<\/b><\/span><\/span><span style=\"font-family: verdana, geneva, sans-serif;\">(47) 3435-3792 &#8211; (48) 9602-3078 (Get\u00falio)<\/span><br \/>\n<span style=\"font-family: verdana, geneva, sans-serif;\"><a href=\"mailto:rodamundo@terra.com.br\">rodamundo@terra.com.br<\/a><\/span><br \/>\n<span style=\"font-family: verdana, geneva, sans-serif;\"><a href=\"http:\/\/www.gruporodamundo.com.br\" target=\"_blank\" rel=\"noopener\">www.gruporodamundo.com.br<\/a><\/span><\/td>\n<\/tr>\n<\/tbody>\n<\/table>\n","protected":false},"excerpt":{"rendered":"<p>Dicas \/ Grupos de campismo &nbsp; Conhe\u00e7a e fa\u00e7a parte de um grupo de campismo do seu estado. Eles s\u00e3o comunidades de amantes da estrada, prontos para ajudar e compartilhar informa\u00e7\u00f5es, como locais de parada, encontros e todo tipo de dicas! &nbsp; &nbsp; &nbsp; Grupo P\u00e9 na Estrada &#8211; Associa\u00e7\u00e3o Paulista dos Propriet\u00e1rios de Ve\u00edculos [&hellip;]<\/p>\n","protected":false},"author":1,"featured_media":0,"parent":0,"menu_order":5,"comment_status":"closed","ping_status":"closed","template":"","meta":{"_monsterinsights_skip_tracking":false,"_monsterinsights_sitenote_active":false,"_monsterinsights_sitenote_note":"","_monsterinsights_sitenote_category":0,"ngg_post_thumbnail":0},"_links":{"self":[{"href":"https:\/\/www.itutrailer.com.br\/site\/campismo\/wp-json\/wp\/v2\/pages\/22"}],"collection":[{"href":"https:\/\/www.itutrailer.com.br\/site\/campismo\/wp-json\/wp\/v2\/pages"}],"about":[{"href":"https:\/\/www.itutrailer.com.br\/site\/campismo\/wp-json\/wp\/v2\/types\/page"}],"author":[{"embeddable":true,"href":"https:\/\/www.itutrailer.com.br\/site\/campismo\/wp-json\/wp\/v2\/users\/1"}],"replies":[{"embeddable":true,"href":"https:\/\/www.itutrailer.com.br\/site\/campismo\/wp-json\/wp\/v2\/comments?post=22"}],"version-history":[{"count":44,"href":"https:\/\/www.itutrailer.com.br\/site\/campismo\/wp-json\/wp\/v2\/pages\/22\/revisions"}],"predecessor-version":[{"id":7463,"href":"https:\/\/www.itutrailer.com.br\/site\/campismo\/wp-json\/wp\/v2\/pages\/22\/revisions\/7463"}],"wp:attachment":[{"href":"https:\/\/www.itutrailer.com.br\/site\/campismo\/wp-json\/wp\/v2\/media?parent=22"}],"curies":[{"name":"wp","href":"https:\/\/api.w.org\/{rel}","templated":true}]}}