{"id":20145,"date":"2026-05-05T09:14:17","date_gmt":"2026-05-05T12:14:17","guid":{"rendered":"https:\/\/www.itutrailer.com.br\/site\/campismo\/?page_id=20145"},"modified":"2026-05-05T09:28:27","modified_gmt":"2026-05-05T12:28:27","slug":"motor-home-nacional-motor-trailer-mtb650-ano-2000","status":"publish","type":"page","link":"https:\/\/www.itutrailer.com.br\/site\/campismo\/venda\/motor-home-nacional-motor-trailer-mtb650-ano-2000\/","title":{"rendered":"Motor Home Nacional Motor Trailer Mtb650 Ano 2000"},"content":{"rendered":"<section class=\"wpb-content-wrapper\"><p>[vc_row][vc_column width=&#8221;1\/2&#8243;][vc_column_text]<\/p>\n<h1><span style=\"color: #00ce6b; font-family: verdana, geneva, sans-serif;\">Venda \/&nbsp;<strong>RVs usados<\/strong><\/span><\/h1>\n<p>[\/vc_column_text][vc_row_inner][vc_column_inner][vc_column_text]<span style=\"font-family: arial, helvetica, sans-serif; font-size: 12pt;\">Fotos Externas<\/span>[\/vc_column_text][vc_gallery interval=&#8221;3&#8243; images=&#8221;20232,20230,20228,20231,20229,20233&#8243; img_size=&#8221;620&#215;420&#8243; onclick=&#8221;img_link_large&#8221; custom_links_target=&#8221;_blank&#8221;][vc_column_text]<span style=\"font-family: arial, helvetica, sans-serif; font-size: 12pt;\">Fotos Internas<\/span>[\/vc_column_text][vc_gallery interval=&#8221;3&#8243; images=&#8221;20249,20248,20247,20236,20245,20246,20237,20238,20235,20242,20239,20240,20241,20243,20244&#8243; img_size=&#8221;620&#215;420&#8243; onclick=&#8221;img_link_large&#8221; custom_links_target=&#8221;_blank&#8221;][\/vc_column_inner][\/vc_row_inner][vc_empty_space][\/vc_column][vc_column width=&#8221;1\/2&#8243;][vc_column_text]&nbsp;<\/p>\n<p><span style=\"font-size: 20; font-family: verdana, geneva, sans-serif; color: #808080;\"><strong>Motor Home Nacional Motor Trailer Mtb650 Ano 2000<\/strong><\/span><\/p>\n<p><span style=\"font-size: 32; font-family: verdana, geneva, sans-serif; color: #00ce6b;\"><b>R$ 285.000,00<\/b><\/span>[\/vc_column_text][vc_tta_tabs active_section=&#8221;1&#8243;][vc_tta_section title=&#8221;Descri\u00e7\u00e3o&#8221; tab_id=&#8221;1471526930947-32b6d156-f486&#8243;][vc_column_text]<strong><span style=\"font-family: arial, helvetica, sans-serif; font-size: 12pt;\">Motor Home Motor Trailer MTB650 Ano 2000<\/span><\/strong><\/p>\n<p>&nbsp;<\/p>\n<p><span style=\"font-family: arial, helvetica, sans-serif; font-size: 12pt;\">Sprinter 412D &#8211; ano 1999 \/ montagem: 2000<\/span><br \/>\n<span style=\"font-family: arial, helvetica, sans-serif; font-size: 12pt;\">Motor: Mercedes-Benz OM-014 LA, 2.5 litros (2495 cm\u00b3), 4 cilindros em linha, com turbocooler.<\/span><br \/>\n<span style=\"font-family: arial, helvetica, sans-serif; font-size: 12pt;\">Pot\u00eancia: 115 cv a 3800 rpm.<\/span><br \/>\n<span style=\"font-family: arial, helvetica, sans-serif; font-size: 12pt;\">Torque: 284 Nm (29 mkgf) a 1600 rpm.<\/span><br \/>\n<span style=\"font-family: arial, helvetica, sans-serif; font-size: 12pt;\">Combust\u00edvel: Diesel.<\/span><br \/>\n<span style=\"font-family: arial, helvetica, sans-serif; font-size: 12pt;\">Transmiss\u00e3o: Manual.<\/span><br \/>\n<span style=\"font-family: arial, helvetica, sans-serif; font-size: 12pt;\">KM: 200.000<\/span><\/p>\n<p>&nbsp;<\/p>\n<p><span style=\"font-family: arial, helvetica, sans-serif; font-size: 12pt;\">Comprimento: 6,50m \/ Largura: 2,30m\/ Altura: 3,30m<\/span><\/p>\n<p>&nbsp;<\/p>\n<p><span style=\"font-family: arial, helvetica, sans-serif; font-size: 12pt;\">Estepe<\/span><br \/>\n<span style=\"font-family: arial, helvetica, sans-serif; font-size: 12pt;\">M\u00e1quina de lavar Electrolux 3Kg<\/span><br \/>\n<span style=\"font-family: arial, helvetica, sans-serif; font-size: 12pt;\">Toldo de enrolar<\/span><br \/>\n<span style=\"font-family: arial, helvetica, sans-serif; font-size: 12pt;\">Bomba shurflo<\/span><br \/>\n<span style=\"font-family: arial, helvetica, sans-serif; font-size: 12pt;\">Mangueira de abastecimento<\/span><br \/>\n<span style=\"font-family: arial, helvetica, sans-serif; font-size: 12pt;\">Extens\u00e3o<\/span><br \/>\n<span style=\"font-family: arial, helvetica, sans-serif; font-size: 12pt;\">Controlador de carga MPPT<\/span><br \/>\n<span style=\"font-family: arial, helvetica, sans-serif; font-size: 12pt;\">Transformador 2500W<\/span><br \/>\n<span style=\"font-family: arial, helvetica, sans-serif; font-size: 12pt;\">Inversor de 3000W<\/span><br \/>\n<span style=\"font-family: arial, helvetica, sans-serif; font-size: 12pt;\">Smart tv 24&#8243;<\/span><br \/>\n<span style=\"font-family: arial, helvetica, sans-serif; font-size: 12pt;\">Antena winnegard<\/span><br \/>\n<span style=\"font-family: arial, helvetica, sans-serif; font-size: 12pt;\">Microondas Brit\u00e2nia<\/span><br \/>\n<span style=\"font-family: arial, helvetica, sans-serif; font-size: 12pt;\">Fog\u00e3o 2 bocas<\/span><br \/>\n<span style=\"font-family: arial, helvetica, sans-serif; font-size: 12pt;\">Pia e torneira em inox<\/span><br \/>\n<span style=\"font-family: arial, helvetica, sans-serif; font-size: 12pt;\">Pastilhas na cozinha<\/span><br \/>\n<span style=\"font-family: arial, helvetica, sans-serif; font-size: 12pt;\">Refrigerador 120l<\/span><br \/>\n<span style=\"font-family: arial, helvetica, sans-serif; font-size: 12pt;\">Freezer120l<\/span><br \/>\n<span style=\"font-family: arial, helvetica, sans-serif; font-size: 12pt;\">Ar condicionado dutado<\/span><br \/>\n<span style=\"font-family: arial, helvetica, sans-serif; font-size: 12pt;\">Climatizador 12v<\/span><br \/>\n<span style=\"font-family: arial, helvetica, sans-serif; font-size: 12pt;\">Janelas escamoteaveis<\/span><br \/>\n<span style=\"font-family: arial, helvetica, sans-serif; font-size: 12pt;\">Dinete (1,90 x 1,00)<\/span><br \/>\n<span style=\"font-family: arial, helvetica, sans-serif; font-size: 12pt;\">Alcova com escada de acesso e cama ( 2,20 x 1,40)<\/span><br \/>\n<span style=\"font-family: arial, helvetica, sans-serif; font-size: 12pt;\">Box para banho com porta sanfonada<\/span><br \/>\n<span style=\"font-family: arial, helvetica, sans-serif; font-size: 12pt;\">Ducha escamote\u00e1vel<\/span><br \/>\n<span style=\"font-family: arial, helvetica, sans-serif; font-size: 12pt;\">Aquecedor de passagem Lorenzetti<\/span><br \/>\n<span style=\"font-family: arial, helvetica, sans-serif; font-size: 12pt;\">Clarab\u00f3ia<\/span><br \/>\n<span style=\"font-family: arial, helvetica, sans-serif; font-size: 12pt;\">Sanit\u00e1rio Thetford<\/span><br \/>\n<span style=\"font-family: arial, helvetica, sans-serif; font-size: 12pt;\">Ducha higi\u00eanica pia com torneira<\/span><br \/>\n<span style=\"font-family: arial, helvetica, sans-serif; font-size: 12pt;\">Porta sanfonada<\/span><br \/>\n<span style=\"font-family: arial, helvetica, sans-serif; font-size: 12pt;\">Cama de casal (2,20 x 1,30)<\/span><br \/>\n<span style=\"font-family: arial, helvetica, sans-serif; font-size: 12pt;\">Arm\u00e1rios e gaveteiros diversos<\/span><\/p>\n<p>&nbsp;<\/p>\n<p><span style=\"font-family: arial, helvetica, sans-serif; font-size: 12pt;\">*<\/span><span style=\"font-family: arial, helvetica, sans-serif; font-size: 12pt;\">As informa\u00e7\u00f5es das fotos e de toda a descri\u00e7\u00e3o do produto podem sofrer altera\u00e7\u00f5es sem pr\u00e9vio aviso.<\/span><br \/>\n<span style=\"font-family: arial, helvetica, sans-serif; font-size: 12pt;\">*As fotos apresentadas podem conter opcionais instalados.<\/span><br \/>\n<span style=\"font-family: arial, helvetica, sans-serif; font-size: 12pt;\">Caso tenha alguma d\u00favida, favor entrar em contato com uma de nossas revendas.<\/span>[\/vc_column_text][\/vc_tta_section][\/vc_tta_tabs][\/vc_column][\/vc_row][vc_row][vc_column][vc_column_text][\/vc_column_text][\/vc_column][\/vc_row]<\/p>\n<\/section>","protected":false},"excerpt":{"rendered":"<p>[vc_row][vc_column width=&#8221;1\/2&#8243;][vc_column_text] Venda \/&nbsp;RVs usados [\/vc_column_text][vc_row_inner][vc_column_inner][vc_column_text]Fotos Externas[\/vc_column_text][vc_gallery interval=&#8221;3&#8243; images=&#8221;20232,20230,20228,20231,20229,20233&#8243; img_size=&#8221;620&#215;420&#8243; onclick=&#8221;img_link_large&#8221; custom_links_target=&#8221;_blank&#8221;][vc_column_text]Fotos Internas[\/vc_column_text][vc_gallery interval=&#8221;3&#8243; images=&#8221;20249,20248,20247,20236,20245,20246,20237,20238,20235,20242,20239,20240,20241,20243,20244&#8243; img_size=&#8221;620&#215;420&#8243; onclick=&#8221;img_link_large&#8221; custom_links_target=&#8221;_blank&#8221;][\/vc_column_inner][\/vc_row_inner][vc_empty_space][\/vc_column][vc_column width=&#8221;1\/2&#8243;][vc_column_text]&nbsp; Motor Home Nacional Motor Trailer Mtb650 Ano 2000 R$ 285.000,00[\/vc_column_text][vc_tta_tabs active_section=&#8221;1&#8243;][vc_tta_section title=&#8221;Descri\u00e7\u00e3o&#8221; tab_id=&#8221;1471526930947-32b6d156-f486&#8243;][vc_column_text]Motor Home Motor Trailer MTB650 Ano 2000 &nbsp; Sprinter 412D &#8211; ano 1999 \/ montagem: 2000 Motor: Mercedes-Benz OM-014 LA, 2.5 litros (2495 cm\u00b3), [&hellip;]<\/p>\n","protected":false},"author":1,"featured_media":0,"parent":14,"menu_order":0,"comment_status":"closed","ping_status":"closed","template":"","meta":{"_monsterinsights_skip_tracking":false,"_monsterinsights_sitenote_active":false,"_monsterinsights_sitenote_note":"","_monsterinsights_sitenote_category":0,"ngg_post_thumbnail":0},"_links":{"self":[{"href":"https:\/\/www.itutrailer.com.br\/site\/campismo\/wp-json\/wp\/v2\/pages\/20145"}],"collection":[{"href":"https:\/\/www.itutrailer.com.br\/site\/campismo\/wp-json\/wp\/v2\/pages"}],"about":[{"href":"https:\/\/www.itutrailer.com.br\/site\/campismo\/wp-json\/wp\/v2\/types\/page"}],"author":[{"embeddable":true,"href":"https:\/\/www.itutrailer.com.br\/site\/campismo\/wp-json\/wp\/v2\/users\/1"}],"replies":[{"embeddable":true,"href":"https:\/\/www.itutrailer.com.br\/site\/campismo\/wp-json\/wp\/v2\/comments?post=20145"}],"version-history":[{"count":3,"href":"https:\/\/www.itutrailer.com.br\/site\/campismo\/wp-json\/wp\/v2\/pages\/20145\/revisions"}],"predecessor-version":[{"id":20250,"href":"https:\/\/www.itutrailer.com.br\/site\/campismo\/wp-json\/wp\/v2\/pages\/20145\/revisions\/20250"}],"up":[{"embeddable":true,"href":"https:\/\/www.itutrailer.com.br\/site\/campismo\/wp-json\/wp\/v2\/pages\/14"}],"wp:attachment":[{"href":"https:\/\/www.itutrailer.com.br\/site\/campismo\/wp-json\/wp\/v2\/media?parent=20145"}],"curies":[{"name":"wp","href":"https:\/\/api.w.org\/{rel}","templated":true}]}}