{"id":19015,"date":"2025-10-28T11:48:18","date_gmt":"2025-10-28T14:48:18","guid":{"rendered":"https:\/\/www.itutrailer.com.br\/site\/campismo\/?page_id=19015"},"modified":"2026-04-23T13:30:47","modified_gmt":"2026-04-23T16:30:47","slug":"trailer-importado-explorer-australian-x270-ano-2025","status":"publish","type":"page","link":"https:\/\/www.itutrailer.com.br\/site\/campismo\/venda\/trailer-importado-explorer-australian-x270-ano-2025\/","title":{"rendered":"Trailer Importado Explorer Australian X270 &#8211; Ano 2025"},"content":{"rendered":"<section class=\"wpb-content-wrapper\"><p>[vc_row][vc_column width=&#8221;1\/2&#8243;][vc_column_text]<\/p>\n<h1><span style=\"color: #00ce6b; font-family: verdana, geneva, sans-serif;\">Venda \/&nbsp;<strong>RVs usados<\/strong><\/span><\/h1>\n<p>[\/vc_column_text][vc_row_inner][vc_column_inner][vc_column_text]<span style=\"font-family: arial, helvetica, sans-serif; font-size: 12pt;\">Fotos Externas<\/span>[\/vc_column_text][vc_gallery interval=&#8221;3&#8243; images=&#8221;19016,19017,19018,19019,19020,19021,19022,19023,19024,19025,19026,19027,19028&#8243; img_size=&#8221;620&#215;420&#8243; onclick=&#8221;img_link_large&#8221; custom_links_target=&#8221;_blank&#8221;][vc_column_text]<span style=\"font-family: arial, helvetica, sans-serif; font-size: 12pt;\">Fotos Internas<\/span>[\/vc_column_text][vc_gallery interval=&#8221;3&#8243; images=&#8221;19032,19029,19030,19031&#8243; img_size=&#8221;620X420&#8243; onclick=&#8221;img_link_large&#8221; custom_links_target=&#8221;_blank&#8221;][\/vc_column_inner][\/vc_row_inner][vc_empty_space][\/vc_column][vc_column width=&#8221;1\/2&#8243;][vc_column_text]&nbsp;<\/p>\n<p><span style=\"font-size: 20; font-family: verdana, geneva, sans-serif; color: #808080;\"><strong>Trailer Importado Explorer Australian X270 &#8211; Ano 2025<\/strong><\/span><\/p>\n<p><span style=\"font-size: 32; font-family: verdana, geneva, sans-serif; color: #00ce6b;\"><b>R$ 126.500,00<\/b><\/span>[\/vc_column_text][vc_tta_tabs active_section=&#8221;1&#8243;][vc_tta_section title=&#8221;Descri\u00e7\u00e3o&#8221; tab_id=&#8221;1471526930947-32b6d156-f486&#8243;][vc_column_text]<strong><span style=\"font-family: arial, helvetica, sans-serif; font-size: 12pt;\">Mini Trailer Importado Explorer X270 \u2013 0Km \u2013 Pronta Entrega<\/span><\/strong><\/p>\n<p>&nbsp;<\/p>\n<p><strong><span style=\"font-family: arial, helvetica, sans-serif; font-size: 12pt;\">Opcionais \u2013 n\u00e3o inclusos<\/span><\/strong><br \/>\n<span style=\"font-family: arial, helvetica, sans-serif; font-size: 12pt;\">Barraca de teto de 2.40m x 1.40m;<\/span><br \/>\n<span style=\"font-family: arial, helvetica, sans-serif; font-size: 12pt;\">Refrigerador 12V de 40L, pr\u00f3prio para ser instalado na caixa externa original do Trailer<\/span><br \/>\n<span style=\"font-family: arial, helvetica, sans-serif; font-size: 12pt;\">Box externo para banho<\/span><br \/>\n<span style=\"font-family: arial, helvetica, sans-serif; font-size: 12pt;\">Suspens\u00e3o independente (Off-road) com munheca 360\u00ba<\/span><\/p>\n<p>&nbsp;<\/p>\n<p><span style=\"font-family: arial, helvetica, sans-serif; font-size: 12pt;\">*As fotos apresentadas cont\u00e9m opcionais instalados.<\/span><\/p>\n<p>&nbsp;<\/p>\n<p><strong><span style=\"font-family: arial, helvetica, sans-serif; font-size: 12pt;\">ESPECIFICA\u00c7\u00d5ES<\/span><\/strong><br \/>\n<span style=\"font-family: arial, helvetica, sans-serif; font-size: 12pt;\">Comprimento total: 4.25m<\/span><br \/>\n<span style=\"font-family: arial, helvetica, sans-serif; font-size: 12pt;\">Comprimento carroceria: 2.70m<\/span><br \/>\n<span style=\"font-family: arial, helvetica, sans-serif; font-size: 12pt;\">Altura externa total: 1.90m<\/span><br \/>\n<span style=\"font-family: arial, helvetica, sans-serif; font-size: 12pt;\">Altura interna: 1.15m<\/span><br \/>\n<span style=\"font-family: arial, helvetica, sans-serif; font-size: 12pt;\">Largura: 1.90m<\/span><br \/>\n<span style=\"font-family: arial, helvetica, sans-serif; font-size: 12pt;\">Altura do chassi em rela\u00e7\u00e3o ao solo: 47m<\/span><br \/>\n<span style=\"font-family: arial, helvetica, sans-serif; font-size: 12pt;\">Altura do engate em rela\u00e7\u00e3o ao solo: 43m<\/span><br \/>\n<span style=\"font-family: arial, helvetica, sans-serif; font-size: 12pt;\">Caixa de \u00e1gua limpa: 70L<\/span><br \/>\n<span style=\"font-family: arial, helvetica, sans-serif; font-size: 12pt;\">N\u00famero de eixos: 1<\/span><br \/>\n<span style=\"font-family: arial, helvetica, sans-serif; font-size: 12pt;\">PBT Legal: 1.000kg<\/span><br \/>\n<span style=\"font-family: arial, helvetica, sans-serif; font-size: 12pt;\">Tara (peso do Trailer): 790kg<\/span><br \/>\n<span style=\"font-family: arial, helvetica, sans-serif; font-size: 12pt;\">Capacidade de carga legal: 210kg<\/span><br \/>\n<span style=\"font-family: arial, helvetica, sans-serif; font-size: 12pt;\">Comprimento do toldo: 1.90m<\/span><br \/>\n<span style=\"font-family: arial, helvetica, sans-serif; font-size: 12pt;\">Abertura do toldo: 1.90m<\/span><br \/>\n<span style=\"font-family: arial, helvetica, sans-serif; font-size: 12pt;\">Acomoda\u00e7\u00e3o: 4 pessoas<\/span><\/p>\n<p>&nbsp;<\/p>\n<p><strong><span style=\"font-family: arial, helvetica, sans-serif; font-size: 12pt;\">Chassi e componentes<\/span><\/strong><br \/>\n<span style=\"font-family: arial, helvetica, sans-serif; font-size: 12pt;\">Chassi de a\u00e7o galvanizado com zincagem \u00e0 fogo<\/span><br \/>\n<span style=\"font-family: arial, helvetica, sans-serif; font-size: 12pt;\">02 sapatas de apoio manuais<\/span><br \/>\n<span style=\"font-family: arial, helvetica, sans-serif; font-size: 12pt;\">Bequilha manual com roda de manobra<\/span><\/p>\n<p>&nbsp;<\/p>\n<p><strong><span style=\"font-family: arial, helvetica, sans-serif; font-size: 12pt;\">Eixos e freio<\/span><\/strong><br \/>\n<span style=\"font-family: arial, helvetica, sans-serif; font-size: 12pt;\">Suspens\u00e3o em barras de tors\u00e3o<\/span><br \/>\n<span style=\"font-family: arial, helvetica, sans-serif; font-size: 12pt;\">Freios el\u00e9tricos em todas as rodas<\/span><br \/>\n<span style=\"font-family: arial, helvetica, sans-serif; font-size: 12pt;\">Rodas esportivas de alum\u00ednio aro 16<\/span><br \/>\n<span style=\"font-family: arial, helvetica, sans-serif; font-size: 12pt;\">Pneus 245\/75\/16<\/span><br \/>\n<span style=\"font-family: arial, helvetica, sans-serif; font-size: 12pt;\">Cal\u00e7o de roda<\/span><br \/>\n<span style=\"font-family: arial, helvetica, sans-serif; font-size: 12pt;\">Chave de roda<\/span><\/p>\n<p>&nbsp;<\/p>\n<p><strong><span style=\"font-family: arial, helvetica, sans-serif; font-size: 12pt;\">Carroceria<\/span><\/strong><br \/>\n<span style=\"font-family: arial, helvetica, sans-serif; font-size: 12pt;\">Estrutura de alum\u00ednio e revestimento interno laminado<\/span><br \/>\n<span style=\"font-family: arial, helvetica, sans-serif; font-size: 12pt;\">Bagageiro traseiro com chave<\/span><br \/>\n<span style=\"font-family: arial, helvetica, sans-serif; font-size: 12pt;\">Isolamento termoac\u00fastico desenvolvido para temperaturas extremas<\/span><br \/>\n<span style=\"font-family: arial, helvetica, sans-serif; font-size: 12pt;\">Revestimento externo de fiberglass de alto brilho<\/span><br \/>\n<span style=\"font-family: arial, helvetica, sans-serif; font-size: 12pt;\">Teto em fiberglass sem emendas<\/span><br \/>\n<span style=\"font-family: arial, helvetica, sans-serif; font-size: 12pt;\">Estrutura do piso em compensado naval<\/span><br \/>\n<span style=\"font-family: arial, helvetica, sans-serif; font-size: 12pt;\">Porta de entrada<\/span><br \/>\n<span style=\"font-family: arial, helvetica, sans-serif; font-size: 12pt;\">Bagageiro traseiro com chave<\/span><\/p>\n<p>&nbsp;<\/p>\n<p><strong><span style=\"font-family: arial, helvetica, sans-serif; font-size: 12pt;\">Detalhes externos<\/span><\/strong><br \/>\n<span style=\"font-family: arial, helvetica, sans-serif; font-size: 12pt;\">Rack de teto<\/span><br \/>\n<span style=\"font-family: arial, helvetica, sans-serif; font-size: 12pt;\">Toldo manual<\/span><br \/>\n<span style=\"font-family: arial, helvetica, sans-serif; font-size: 12pt;\">Caixa frontal de alum\u00ednio com cozinha externa<\/span><br \/>\n<span style=\"font-family: arial, helvetica, sans-serif; font-size: 12pt;\">Lumin\u00e1ria externa<\/span><br \/>\n<span style=\"font-family: arial, helvetica, sans-serif; font-size: 12pt;\">Mesa retr\u00e1til na lateral direita<\/span><br \/>\n<span style=\"font-family: arial, helvetica, sans-serif; font-size: 12pt;\">Lanternas e ilumina\u00e7\u00e3o externas em LED<\/span><br \/>\n<span style=\"font-family: arial, helvetica, sans-serif; font-size: 12pt;\">Janelas de acr\u00edlico duplo com tela mosquiteira e black-out<\/span><br \/>\n<span style=\"font-family: arial, helvetica, sans-serif; font-size: 12pt;\">Chuveiro externo<\/span><br \/>\n<span style=\"font-family: arial, helvetica, sans-serif; font-size: 12pt;\">Botij\u00e3o de g\u00e1s<\/span><\/p>\n<p>&nbsp;<\/p>\n<p><strong><span style=\"font-family: arial, helvetica, sans-serif; font-size: 12pt;\">Sistema hidr\u00e1ulico<\/span><\/strong><br \/>\n<span style=\"font-family: arial, helvetica, sans-serif; font-size: 12pt;\">Entrada de \u00e1gua direta<\/span><br \/>\n<span style=\"font-family: arial, helvetica, sans-serif; font-size: 12pt;\">Bocal para abastecimento da caixa de \u00e1gua limpa<\/span><br \/>\n<span style=\"font-family: arial, helvetica, sans-serif; font-size: 12pt;\">Computador de bordo com n\u00edvel de tanques all-in-one<\/span><br \/>\n<span style=\"font-family: arial, helvetica, sans-serif; font-size: 12pt;\">Bomba d\u2019\u00e1gua 12V com pressurizador<\/span><br \/>\n<span style=\"font-family: arial, helvetica, sans-serif; font-size: 12pt;\">15m de mangueira para abastecimento de \u00e1gua<\/span><\/p>\n<p>&nbsp;<\/p>\n<p><strong><span style=\"font-family: arial, helvetica, sans-serif; font-size: 12pt;\">Sistema el\u00e9trico<\/span><\/strong><br \/>\n<span style=\"font-family: arial, helvetica, sans-serif; font-size: 12pt;\"><span data-olk-copy-source=\"MessageBody\">Ar condicionado Split 9.000Btus<\/span><br \/>\nTomadas USB e USB-C (12V) e 220V<\/span><br \/>\n<span style=\"font-family: arial, helvetica, sans-serif; font-size: 12pt;\">10m de extens\u00e3o el\u00e9trica em cabo PP<\/span><br \/>\n<span style=\"font-family: arial, helvetica, sans-serif; font-size: 12pt;\">Ilumina\u00e7\u00e3o interna em LED<\/span><br \/>\n<span style=\"font-family: arial, helvetica, sans-serif; font-size: 12pt;\">Sistema de l\u00edtio, sendo:<\/span><br \/>\n<span style=\"font-family: arial, helvetica, sans-serif; font-size: 12pt;\">Bateria de l\u00edtio de 100A<\/span><br \/>\n<span style=\"font-family: arial, helvetica, sans-serif; font-size: 12pt;\">DC\/DC 40A<\/span><br \/>\n<span style=\"font-family: arial, helvetica, sans-serif; font-size: 12pt;\">Display monitor<\/span><br \/>\n<span style=\"font-family: arial, helvetica, sans-serif; font-size: 12pt;\">Placa solar 100W<\/span><br \/>\n<span style=\"font-family: arial, helvetica, sans-serif; font-size: 12pt;\">Controlador solar MPPT 40A<\/span><\/p>\n<p>&nbsp;<\/p>\n<p><strong><span style=\"font-family: arial, helvetica, sans-serif; font-size: 12pt;\">Cozinha externa<\/span><\/strong><br \/>\n<span style=\"font-family: arial, helvetica, sans-serif; font-size: 12pt;\">Pia com cuba em a\u00e7o inox<\/span><br \/>\n<span style=\"font-family: arial, helvetica, sans-serif; font-size: 12pt;\">Fog\u00e3o duas boca com sistema anti-vento em a\u00e7o inox<\/span><br \/>\n<span style=\"font-family: arial, helvetica, sans-serif; font-size: 12pt;\">Torneira com cabo extens\u00edvel<\/span><\/p>\n<p>&nbsp;<\/p>\n<p><strong><span style=\"font-family: arial, helvetica, sans-serif; font-size: 12pt;\">Interior<\/span><\/strong><br \/>\n<span style=\"font-family: arial, helvetica, sans-serif; font-size: 12pt;\">Arm\u00e1rios a\u00e9reos<\/span><br \/>\n<span style=\"font-family: arial, helvetica, sans-serif; font-size: 12pt;\">Duas lumin\u00e1rias de leitura<\/span><br \/>\n<span style=\"font-family: arial, helvetica, sans-serif; font-size: 12pt;\">Tomadas USB e USB-C (12)V<\/span><br \/>\n<span style=\"font-family: arial, helvetica, sans-serif; font-size: 12pt;\">Tomadas 2P+T 220V<\/span><br \/>\n<span style=\"font-family: arial, helvetica, sans-serif; font-size: 12pt;\">Lumin\u00e1ria no teto<\/span><br \/>\n<span style=\"font-family: arial, helvetica, sans-serif; font-size: 12pt;\">Cama de casal com 2.12m x 1.23m<\/span><\/p>\n<p>&nbsp;<\/p>\n<p><strong><span style=\"font-family: arial, helvetica, sans-serif; font-size: 12pt;\">Bagageiro Traseiro<\/span><\/strong><br \/>\n<span style=\"font-family: arial, helvetica, sans-serif; font-size: 12pt;\">Prateleiras<\/span><br \/>\n<span style=\"font-family: arial, helvetica, sans-serif; font-size: 12pt;\">Sistema el\u00e9trico<\/span><br \/>\n<span style=\"font-family: arial, helvetica, sans-serif; font-size: 12pt;\">Sistema hidr\u00e1ulico<\/span><br \/>\n<span style=\"font-family: arial, helvetica, sans-serif; font-size: 12pt;\">Tomadas USB e USB-C 12V<\/span><br \/>\n<span style=\"font-family: arial, helvetica, sans-serif; font-size: 12pt;\">Tomadas 2P+T 220V<\/span><br \/>\n<span style=\"font-family: arial, helvetica, sans-serif; font-size: 12pt;\">Lumin\u00e1ria<\/span><\/p>\n<p>&nbsp;<\/p>\n<p><span style=\"font-family: arial, helvetica, sans-serif; font-size: 12pt;\">As informa\u00e7\u00f5es das fotos e de toda a descri\u00e7\u00e3o do produto podem sofrer altera\u00e7\u00f5es sem pr\u00e9vio aviso.<\/span><\/p>\n<p>&nbsp;<\/p>\n<p><span style=\"font-family: arial, helvetica, sans-serif; font-size: 12pt;\">Caso tenha alguma d\u00favida, favor entrar em contato com uma de nossas revendas.<\/span><\/p>\n<p>&nbsp;<\/p>\n<p><span style=\"font-family: arial, helvetica, sans-serif; font-size: 12pt;\">*<\/span><span style=\"font-family: arial, helvetica, sans-serif; font-size: 12pt;\">As informa\u00e7\u00f5es das fotos e de toda a descri\u00e7\u00e3o do produto podem sofrer altera\u00e7\u00f5es sem pr\u00e9vio aviso.<\/span><br \/>\n<span style=\"font-family: arial, helvetica, sans-serif; font-size: 12pt;\">*As fotos apresentadas podem conter opcionais instalados.<\/span><br \/>\n<span style=\"font-family: arial, helvetica, sans-serif; font-size: 12pt;\">Caso tenha alguma d\u00favida, favor entrar em contato com uma de nossas revendas.<\/span>[\/vc_column_text][\/vc_tta_section][\/vc_tta_tabs][\/vc_column][\/vc_row][vc_row][vc_column][vc_column_text][\/vc_column_text][\/vc_column][\/vc_row]<\/p>\n<\/section>","protected":false},"excerpt":{"rendered":"<p>[vc_row][vc_column width=&#8221;1\/2&#8243;][vc_column_text] Venda \/&nbsp;RVs usados [\/vc_column_text][vc_row_inner][vc_column_inner][vc_column_text]Fotos Externas[\/vc_column_text][vc_gallery interval=&#8221;3&#8243; images=&#8221;19016,19017,19018,19019,19020,19021,19022,19023,19024,19025,19026,19027,19028&#8243; img_size=&#8221;620&#215;420&#8243; onclick=&#8221;img_link_large&#8221; custom_links_target=&#8221;_blank&#8221;][vc_column_text]Fotos Internas[\/vc_column_text][vc_gallery interval=&#8221;3&#8243; images=&#8221;19032,19029,19030,19031&#8243; img_size=&#8221;620X420&#8243; onclick=&#8221;img_link_large&#8221; custom_links_target=&#8221;_blank&#8221;][\/vc_column_inner][\/vc_row_inner][vc_empty_space][\/vc_column][vc_column width=&#8221;1\/2&#8243;][vc_column_text]&nbsp; Trailer Importado Explorer Australian X270 &#8211; Ano 2025 R$ 126.500,00[\/vc_column_text][vc_tta_tabs active_section=&#8221;1&#8243;][vc_tta_section title=&#8221;Descri\u00e7\u00e3o&#8221; tab_id=&#8221;1471526930947-32b6d156-f486&#8243;][vc_column_text]Mini Trailer Importado Explorer X270 \u2013 0Km \u2013 Pronta Entrega &nbsp; Opcionais \u2013 n\u00e3o inclusos Barraca de teto de 2.40m x 1.40m; Refrigerador 12V [&hellip;]<\/p>\n","protected":false},"author":1,"featured_media":0,"parent":14,"menu_order":0,"comment_status":"closed","ping_status":"closed","template":"","meta":{"_monsterinsights_skip_tracking":false,"_monsterinsights_sitenote_active":false,"_monsterinsights_sitenote_note":"","_monsterinsights_sitenote_category":0,"ngg_post_thumbnail":0},"_links":{"self":[{"href":"https:\/\/www.itutrailer.com.br\/site\/campismo\/wp-json\/wp\/v2\/pages\/19015"}],"collection":[{"href":"https:\/\/www.itutrailer.com.br\/site\/campismo\/wp-json\/wp\/v2\/pages"}],"about":[{"href":"https:\/\/www.itutrailer.com.br\/site\/campismo\/wp-json\/wp\/v2\/types\/page"}],"author":[{"embeddable":true,"href":"https:\/\/www.itutrailer.com.br\/site\/campismo\/wp-json\/wp\/v2\/users\/1"}],"replies":[{"embeddable":true,"href":"https:\/\/www.itutrailer.com.br\/site\/campismo\/wp-json\/wp\/v2\/comments?post=19015"}],"version-history":[{"count":7,"href":"https:\/\/www.itutrailer.com.br\/site\/campismo\/wp-json\/wp\/v2\/pages\/19015\/revisions"}],"predecessor-version":[{"id":20200,"href":"https:\/\/www.itutrailer.com.br\/site\/campismo\/wp-json\/wp\/v2\/pages\/19015\/revisions\/20200"}],"up":[{"embeddable":true,"href":"https:\/\/www.itutrailer.com.br\/site\/campismo\/wp-json\/wp\/v2\/pages\/14"}],"wp:attachment":[{"href":"https:\/\/www.itutrailer.com.br\/site\/campismo\/wp-json\/wp\/v2\/media?parent=19015"}],"curies":[{"name":"wp","href":"https:\/\/api.w.org\/{rel}","templated":true}]}}