{"id":17585,"date":"2025-03-31T13:54:30","date_gmt":"2025-03-31T16:54:30","guid":{"rendered":"https:\/\/www.itutrailer.com.br\/site\/campismo\/?page_id=17585"},"modified":"2025-11-24T11:00:16","modified_gmt":"2025-11-24T14:00:16","slug":"motor-home-nacional-vettura-mod-slim-house-ano-2018","status":"publish","type":"page","link":"https:\/\/www.itutrailer.com.br\/site\/campismo\/venda\/motor-home-nacional-vettura-mod-slim-house-ano-2018\/","title":{"rendered":"Motor Home Nacional Vettura Mod Slim House Ano 2018"},"content":{"rendered":"<section class=\"wpb-content-wrapper\"><p>[vc_row][vc_column width=&#8221;1\/2&#8243;][vc_column_text]<\/p>\n<h1><span style=\"color: #00ce6b; font-family: verdana, geneva, sans-serif;\">Venda \/&nbsp;<strong>RVs usados<\/strong><\/span><\/h1>\n<p>[\/vc_column_text][vc_row_inner][vc_column_inner][vc_column_text]<span style=\"font-family: arial, helvetica, sans-serif; font-size: 12pt;\">Fotos Externas<\/span>[\/vc_column_text][vc_gallery interval=&#8221;3&#8243; images=&#8221;17586,17587,17588,17589,17590,17591&#8243; img_size=&#8221;620&#215;420&#8243; onclick=&#8221;img_link_large&#8221; custom_links_target=&#8221;_blank&#8221;][vc_column_text]<span style=\"font-family: arial, helvetica, sans-serif; font-size: 12pt;\">Fotos Internas<\/span>[\/vc_column_text][vc_gallery interval=&#8221;3&#8243; images=&#8221;17593,17594,17595,17596,17597,17598,17599,17600,17601,17592,17602&#8243; img_size=&#8221;620X420&#8243; onclick=&#8221;img_link_large&#8221; custom_links_target=&#8221;_blank&#8221;][\/vc_column_inner][\/vc_row_inner][vc_empty_space][vc_single_image image=&#8221;17620&#8243; img_size=&#8221;full&#8221; onclick=&#8221;zoom&#8221;][\/vc_column][vc_column width=&#8221;1\/2&#8243;][vc_column_text]&nbsp;<\/p>\n<p><span style=\"font-size: 20; font-family: verdana, geneva, sans-serif; color: #808080;\"><strong><span data-olk-copy-source=\"MessageBody\">Motor Home Nacional Vettura Mod Slim House Ano 2018<\/span><\/strong><\/span><\/p>\n<p><span style=\"font-size: 32; font-family: verdana, geneva, sans-serif; color: #00ce6b;\"><b>R$ 620.000,00<\/b><\/span>[\/vc_column_text][vc_tta_tabs active_section=&#8221;1&#8243;][vc_tta_section title=&#8221;Descri\u00e7\u00e3o&#8221; tab_id=&#8221;1471526930947-32b6d156-f486&#8243;][vc_column_text]<strong><span style=\"font-family: arial, helvetica, sans-serif; font-size: 12pt;\">Motorhome: Vettura \u2013 Slim House \u2013 MB Sprinter 515 Extra Longa ano 2018!!!<\/span><\/strong><br \/>\n<strong><span style=\"font-family: arial, helvetica, sans-serif; font-size: 12pt;\">Apenas: 17.960 Km<\/span><\/strong><\/p>\n<p>&nbsp;<\/p>\n<p><strong><span style=\"font-family: arial, helvetica, sans-serif; font-size: 12pt;\">Veiculo<\/span><\/strong><br \/>\n<span style=\"font-family: arial, helvetica, sans-serif; font-size: 12pt;\">&#8211; Modelo: Vettura \u2013 Slim House<\/span><br \/>\n<span style=\"font-family: arial, helvetica, sans-serif; font-size: 12pt;\">&#8211; Ano: Chassis 2017\/18 \u2013 Montagem 2018<\/span><br \/>\n<span style=\"font-family: arial, helvetica, sans-serif; font-size: 12pt;\">&#8211; Chassi: Sprinter 515 Extra Longa &#8211; 2.2 CDI DIESEL CHASSIS 515 EXTRA LONGA<\/span><br \/>\n<span style=\"font-family: arial, helvetica, sans-serif; font-size: 12pt;\">&#8211; MANUAL \/ 146 hp<\/span><br \/>\n<span style=\"font-family: arial, helvetica, sans-serif; font-size: 12pt;\">&#8211; Capacidade: 04 PESSOAS<\/span><br \/>\n<span style=\"font-family: arial, helvetica, sans-serif; font-size: 12pt;\">&#8211; Comprimento: 7,50m<\/span><br \/>\n<span style=\"font-family: arial, helvetica, sans-serif; font-size: 12pt;\">&#8211; Largura: 2,20m<\/span><br \/>\n<span style=\"font-family: arial, helvetica, sans-serif; font-size: 12pt;\">&#8211; Slide out \u2013 2,40 x 0,60 m<\/span><\/p>\n<p>&nbsp;<\/p>\n<p><strong><span style=\"font-family: arial, helvetica, sans-serif; font-size: 12pt;\">Equipamentos<\/span><\/strong><br \/>\n<span style=\"font-family: arial, helvetica, sans-serif; font-size: 12pt;\">&#8211; Estrutura e laterais em alum\u00ednio galvanizado<\/span><br \/>\n<span style=\"font-family: arial, helvetica, sans-serif; font-size: 12pt;\">&#8211; Moveis pain\u00e9is Decorbras nas cores Carvalho Linheiro e Linho Naturales;<\/span><br \/>\n<span style=\"font-family: arial, helvetica, sans-serif; font-size: 12pt;\">&#8211; Piso em laminado de PVC;<\/span><br \/>\n<span style=\"font-family: arial, helvetica, sans-serif; font-size: 12pt;\">&#8211; Janelas Importadas \u2013 Basculante com Persiana \/ Black- Out \/ Tela Mosquiteiro;<\/span><br \/>\n<span style=\"font-family: arial, helvetica, sans-serif; font-size: 12pt;\">&#8211; Poltrona motorista e carona reclin\u00e1veis com apoio de bra\u00e7o e girat\u00f3rias em couro;<\/span><br \/>\n<span style=\"font-family: arial, helvetica, sans-serif; font-size: 12pt;\">&#8211; P\u00e9 de mesa da dinete com recolhimento mec\u00e2nico (importada);<\/span><br \/>\n<span style=\"font-family: arial, helvetica, sans-serif; font-size: 12pt;\">&#8211; Pia da cozinha com tampo de granito, cuba de inox, torneira para agua pot\u00e1vel, vidro protetor contra chama na lateral e acabamento com pastilhas ecol\u00f3gicas brancas;<\/span><br \/>\n<span style=\"font-family: arial, helvetica, sans-serif; font-size: 12pt;\">&#8211; 2 dispensas deslizante;<\/span><br \/>\n<span style=\"font-family: arial, helvetica, sans-serif; font-size: 12pt;\">&#8211; Cristaleira deslizante;<\/span><br \/>\n<span style=\"font-family: arial, helvetica, sans-serif; font-size: 12pt;\">&#8211; Depurador suspenso para o fog\u00e3o marca Suggar Slim II;<\/span><br \/>\n<span style=\"font-family: arial, helvetica, sans-serif; font-size: 12pt;\">&#8211; Fog\u00e3o 2 bocas marca Fischer;<\/span><br \/>\n<span style=\"font-family: arial, helvetica, sans-serif; font-size: 12pt;\">&#8211; Microondas Consul;<\/span><br \/>\n<span style=\"font-family: arial, helvetica, sans-serif; font-size: 12pt;\">&#8211; Geladeira Eletrolux 262l degelo automatico;<\/span><br \/>\n<span style=\"font-family: arial, helvetica, sans-serif; font-size: 12pt;\">&#8211; 2 Sof\u00e1 que se transforma em cama; (Cama 1,90 X 1,30) (Dinete 1,70 X 1,30)<\/span><br \/>\n<span style=\"font-family: arial, helvetica, sans-serif; font-size: 12pt;\">&#8211; Sanit\u00e1rio tipo cassete el\u00e9trico;<\/span><br \/>\n<span style=\"font-family: arial, helvetica, sans-serif; font-size: 12pt;\">&#8211; Ducha higi\u00eanica;<\/span><br \/>\n<span style=\"font-family: arial, helvetica, sans-serif; font-size: 12pt;\">&#8211; Secador de toalhas<\/span><br \/>\n<span style=\"font-family: arial, helvetica, sans-serif; font-size: 12pt;\">&#8211; Pia do banheiro com tampo de granito, cuba de inox e acabamento em pastilhas com pastilhas ecol\u00f3gicas brancas;<\/span><br \/>\n<span style=\"font-family: arial, helvetica, sans-serif; font-size: 12pt;\">&#8211; Box separado do banheiro porta de vidro temperado jateado;<\/span><br \/>\n<span style=\"font-family: arial, helvetica, sans-serif; font-size: 12pt;\">&#8211; Arm\u00e1rio atr\u00e1s do espelho do banheiro<\/span><br \/>\n<span style=\"font-family: arial, helvetica, sans-serif; font-size: 12pt;\">&#8211; Claraboia com exaustor importada e mosquiteiro<\/span><br \/>\n<span style=\"font-family: arial, helvetica, sans-serif; font-size: 12pt;\">&#8211; Engate para Reboque;<\/span><br \/>\n<span style=\"font-family: arial, helvetica, sans-serif; font-size: 12pt;\">&#8211; Degrau retr\u00e1til el\u00e9trico;<\/span><br \/>\n<span style=\"font-family: arial, helvetica, sans-serif; font-size: 12pt;\">&#8211; V\u00e1lvula el\u00e9trica para de \u00e1gua servida;<\/span><br \/>\n<span style=\"font-family: arial, helvetica, sans-serif; font-size: 12pt;\">&#8211; Aquecedor a g\u00e1s de Passagem \u2013 Komeco 8l;<\/span><br \/>\n<span style=\"font-family: arial, helvetica, sans-serif; font-size: 12pt;\">&#8211; 01 Caixas de \u00c1gua Limpa \u2013 Aprox 300l<\/span><br \/>\n<span style=\"font-family: arial, helvetica, sans-serif; font-size: 12pt;\">&#8211; 01 Caixa de \u00e1gua Servida \u2013 Aprox 100l<\/span><br \/>\n<span style=\"font-family: arial, helvetica, sans-serif; font-size: 12pt;\">&#8211; 02 Bomba d`\u00e1gua marca Schurflo para os circuitos de \u00e1gua quente e fria ( com registro para interliga\u00e7\u00e3o entre elas).<\/span><br \/>\n<span style=\"font-family: arial, helvetica, sans-serif; font-size: 12pt;\">&#8211; Filtro para entrada de \u00e1gua no tanque fixo a bomba.<\/span><br \/>\n<span style=\"font-family: arial, helvetica, sans-serif; font-size: 12pt;\">&#8211; 01 bomba Shurflo para \u00e1gua mineral;<\/span><br \/>\n<span style=\"font-family: arial, helvetica, sans-serif; font-size: 12pt;\">&#8211; 02 Baterias Estacion\u00e1rias com gaveta deslizante<\/span><br \/>\n<span style=\"font-family: arial, helvetica, sans-serif; font-size: 12pt;\">&#8211; Rel\u00e9 autom\u00e1tico para interliga\u00e7\u00e3o da bateria da casa com a bateria do ve\u00edculo acionado pela chave de igni\u00e7\u00e3o do ve\u00edculo;<\/span><br \/>\n<span style=\"font-family: arial, helvetica, sans-serif; font-size: 12pt;\">&#8211; TV LCD 32\u201d LG na Sala;<\/span><br \/>\n<span style=\"font-family: arial, helvetica, sans-serif; font-size: 12pt;\">&#8211; Antena de TV marca Winegard \u2013 acionamento manual;<\/span><br \/>\n<span style=\"font-family: arial, helvetica, sans-serif; font-size: 12pt;\">&#8211; Espera para TV externa com antena, audio e video;<\/span><br \/>\n<span style=\"font-family: arial, helvetica, sans-serif; font-size: 12pt;\">&#8211; Home Theater<\/span><br \/>\n<span style=\"font-family: arial, helvetica, sans-serif; font-size: 12pt;\">&#8211; Computador de bordo para verifica\u00e7\u00e3o de n\u00edvel dos tanques;<\/span><br \/>\n<span style=\"font-family: arial, helvetica, sans-serif; font-size: 12pt;\">&#8211; Ilumina\u00e7\u00e3o interna toda em Led;<\/span><br \/>\n<span style=\"font-family: arial, helvetica, sans-serif; font-size: 12pt;\">&#8211; Sanca no teto com ilumina\u00e7\u00e3o em Led;<\/span><br \/>\n<span style=\"font-family: arial, helvetica, sans-serif; font-size: 12pt;\">&#8211; Provis\u00e3o para Ilumina\u00e7\u00e3o interna no arm\u00e1rio sob a pia e guarda roupa;<\/span><br \/>\n<span style=\"font-family: arial, helvetica, sans-serif; font-size: 12pt;\">&#8211; Conversor de energia entrada 110-220V autom\u00e1tica (13,8Vcc) Tecnomaster de 4KW;<\/span><br \/>\n<span style=\"font-family: arial, helvetica, sans-serif; font-size: 12pt;\">&#8211; Inversor de energia entrada 12-24V, sa\u00edda 110-220V autom\u00e1tico Tecnomaster de 2KVA<\/span><br \/>\n<span style=\"font-family: arial, helvetica, sans-serif; font-size: 12pt;\">&#8211; Tomadas extra de alimenta\u00e7\u00e3o do energia instalada uma na frente (dentro do cap\u00f4) e outra atras;<\/span><br \/>\n<span style=\"font-family: arial, helvetica, sans-serif; font-size: 12pt;\">&#8211; Tomadas para os equipamentos 220v\u2013 deixar 1 toma 110v:- na sala, banheiro e dormit\u00f3rio<\/span><br \/>\n<span style=\"font-family: arial, helvetica, sans-serif; font-size: 12pt;\">&#8211; Amadeirado no painel de instrumento<\/span><\/p>\n<p>&nbsp;<\/p>\n<p><strong><span style=\"font-family: arial, helvetica, sans-serif; font-size: 12pt;\">Acess\u00f3rios Instalados:<\/span><\/strong><br \/>\n<span style=\"font-family: arial, helvetica, sans-serif; font-size: 12pt;\">&#8211; Maquina de Lavar e secar Eletrolux 3kg;<\/span><br \/>\n<span style=\"font-family: arial, helvetica, sans-serif; font-size: 12pt;\">&#8211; Cozinha externa fog\u00e3o 2 queimadores e forno Eletrico Philco 32l;<\/span><br \/>\n<span style=\"font-family: arial, helvetica, sans-serif; font-size: 12pt;\">&#8211; Porta auxiliar mosquiteiro com trava na porta de entrada;<\/span><br \/>\n<span style=\"font-family: arial, helvetica, sans-serif; font-size: 12pt;\">&#8211; GPS \u201cDiscovery Channel 7.0 TV Digital e Camara de Re\u201dcom comando duplo de controle do monitor;<\/span><br \/>\n<span style=\"font-family: arial, helvetica, sans-serif; font-size: 12pt;\">&#8211; Raio PX;<\/span><br \/>\n<span style=\"font-family: arial, helvetica, sans-serif; font-size: 12pt;\">&#8211; Ar Condicionador Split Inverter e 12.000Btu\/h, quente e frio;<\/span><br \/>\n<span style=\"font-family: arial, helvetica, sans-serif; font-size: 12pt;\">&#8211; Niveladores el\u00e9tricos\/hidr\u00e1ulicos com controle remoto de quatro comandos acionados separadamente;<\/span><br \/>\n<span style=\"font-family: arial, helvetica, sans-serif; font-size: 12pt;\">&#8211; Toldo nacional com lona acr\u00edlica importada e bra\u00e7os em inox, com acionamento eletrico;<\/span><br \/>\n<span style=\"font-family: arial, helvetica, sans-serif; font-size: 12pt;\">&#8211; Sensor de Estacionamento com monitor;<\/span><br \/>\n<span style=\"font-family: arial, helvetica, sans-serif; font-size: 12pt;\">&#8211; Painel solar com duas placas 150W;<\/span><br \/>\n<span style=\"font-family: arial, helvetica, sans-serif; font-size: 12pt;\">&#8211; Controlador de Carga Epsolar Landstar LS2024B 20Amp.<\/span><br \/>\n<span style=\"font-family: arial, helvetica, sans-serif; font-size: 12pt;\">&#8211; Medidor Remoto Digital MT50 \u2013 para controladora<\/span><br \/>\n<span style=\"font-family: arial, helvetica, sans-serif; font-size: 12pt;\">&#8211; Clar\u00e1boia importada transparente para sala 50&#215;70<\/span><\/p>\n<p>&nbsp;<\/p>\n<p>&nbsp;<\/p>\n<p><span style=\"font-family: arial, helvetica, sans-serif; font-size: 12pt;\">*As informa\u00e7\u00f5es das fotos e de toda a descri\u00e7\u00e3o do produto podem sofrer altera\u00e7\u00f5es sem pr\u00e9vio aviso.<\/span><br \/>\n<span style=\"font-family: arial, helvetica, sans-serif; font-size: 12pt;\">*As fotos apresentadas podem conter opcionais instalados.<\/span><br \/>\n<span style=\"font-family: arial, helvetica, sans-serif; font-size: 12pt;\">Caso tenha alguma d\u00favida, favor entrar em contato com uma de nossas revendas.<\/span>[\/vc_column_text][\/vc_tta_section][\/vc_tta_tabs][\/vc_column][\/vc_row][vc_row][vc_column][vc_column_text][\/vc_column_text][\/vc_column][\/vc_row]<\/p>\n<\/section>","protected":false},"excerpt":{"rendered":"<p>[vc_row][vc_column width=&#8221;1\/2&#8243;][vc_column_text] Venda \/&nbsp;RVs usados [\/vc_column_text][vc_row_inner][vc_column_inner][vc_column_text]Fotos Externas[\/vc_column_text][vc_gallery interval=&#8221;3&#8243; images=&#8221;17586,17587,17588,17589,17590,17591&#8243; img_size=&#8221;620&#215;420&#8243; onclick=&#8221;img_link_large&#8221; custom_links_target=&#8221;_blank&#8221;][vc_column_text]Fotos Internas[\/vc_column_text][vc_gallery interval=&#8221;3&#8243; images=&#8221;17593,17594,17595,17596,17597,17598,17599,17600,17601,17592,17602&#8243; img_size=&#8221;620X420&#8243; onclick=&#8221;img_link_large&#8221; custom_links_target=&#8221;_blank&#8221;][\/vc_column_inner][\/vc_row_inner][vc_empty_space][vc_single_image image=&#8221;17620&#8243; img_size=&#8221;full&#8221; onclick=&#8221;zoom&#8221;][\/vc_column][vc_column width=&#8221;1\/2&#8243;][vc_column_text]&nbsp; Motor Home Nacional Vettura Mod Slim House Ano 2018 R$ 620.000,00[\/vc_column_text][vc_tta_tabs active_section=&#8221;1&#8243;][vc_tta_section title=&#8221;Descri\u00e7\u00e3o&#8221; tab_id=&#8221;1471526930947-32b6d156-f486&#8243;][vc_column_text]Motorhome: Vettura \u2013 Slim House \u2013 MB Sprinter 515 Extra Longa ano 2018!!! Apenas: 17.960 Km &nbsp; Veiculo &#8211; Modelo: [&hellip;]<\/p>\n","protected":false},"author":1,"featured_media":0,"parent":14,"menu_order":0,"comment_status":"closed","ping_status":"closed","template":"","meta":{"_monsterinsights_skip_tracking":false,"_monsterinsights_sitenote_active":false,"_monsterinsights_sitenote_note":"","_monsterinsights_sitenote_category":0,"ngg_post_thumbnail":0},"_links":{"self":[{"href":"https:\/\/www.itutrailer.com.br\/site\/campismo\/wp-json\/wp\/v2\/pages\/17585"}],"collection":[{"href":"https:\/\/www.itutrailer.com.br\/site\/campismo\/wp-json\/wp\/v2\/pages"}],"about":[{"href":"https:\/\/www.itutrailer.com.br\/site\/campismo\/wp-json\/wp\/v2\/types\/page"}],"author":[{"embeddable":true,"href":"https:\/\/www.itutrailer.com.br\/site\/campismo\/wp-json\/wp\/v2\/users\/1"}],"replies":[{"embeddable":true,"href":"https:\/\/www.itutrailer.com.br\/site\/campismo\/wp-json\/wp\/v2\/comments?post=17585"}],"version-history":[{"count":4,"href":"https:\/\/www.itutrailer.com.br\/site\/campismo\/wp-json\/wp\/v2\/pages\/17585\/revisions"}],"predecessor-version":[{"id":19365,"href":"https:\/\/www.itutrailer.com.br\/site\/campismo\/wp-json\/wp\/v2\/pages\/17585\/revisions\/19365"}],"up":[{"embeddable":true,"href":"https:\/\/www.itutrailer.com.br\/site\/campismo\/wp-json\/wp\/v2\/pages\/14"}],"wp:attachment":[{"href":"https:\/\/www.itutrailer.com.br\/site\/campismo\/wp-json\/wp\/v2\/media?parent=17585"}],"curies":[{"name":"wp","href":"https:\/\/api.w.org\/{rel}","templated":true}]}}